{"id":6967,"date":"2022-03-31T12:24:05","date_gmt":"2022-03-31T10:24:05","guid":{"rendered":"https:\/\/fondationclaudinetalon.org\/?page_id=6967"},"modified":"2024-03-29T14:46:55","modified_gmt":"2024-03-29T13:46:55","slug":"autonomisation-de-jeunes-filles-autres-metiers","status":"publish","type":"page","link":"https:\/\/fondationclaudinetalon.org\/index.php\/autonomisation-de-jeunes-filles-autres-metiers\/","title":{"rendered":"Autonomisation de jeunes filles &#8211; Autres m\u00e9tiers"},"content":{"rendered":"\t\t<div data-elementor-type=\"wp-page\" data-elementor-id=\"6967\" class=\"elementor elementor-6967\">\n\t\t\t\t\t\t<section class=\"elementor-section elementor-top-section elementor-element elementor-element-3c39f03 elementor-section-boxed elementor-section-height-default elementor-section-height-default\" data-id=\"3c39f03\" data-element_type=\"section\" data-e-type=\"section\" data-settings=\"{&quot;background_background&quot;:&quot;classic&quot;}\">\n\t\t\t\t\t\t\t<div class=\"elementor-background-overlay\"><\/div>\n\t\t\t\t\t\t\t<div class=\"elementor-container elementor-column-gap-default\">\n\t\t\t\t\t<div class=\"elementor-column elementor-col-100 elementor-top-column elementor-element elementor-element-84c1d0b\" data-id=\"84c1d0b\" data-element_type=\"column\" data-e-type=\"column\">\n\t\t\t<div class=\"elementor-widget-wrap elementor-element-populated\">\n\t\t\t\t\t\t<div class=\"elementor-element elementor-element-9241365 elementor-widget elementor-widget-spacer\" data-id=\"9241365\" data-element_type=\"widget\" data-e-type=\"widget\" data-widget_type=\"spacer.default\">\n\t\t\t\t<div class=\"elementor-widget-container\">\n\t\t\t\t\t\t\t<div class=\"elementor-spacer\">\n\t\t\t<div class=\"elementor-spacer-inner\"><\/div>\n\t\t<\/div>\n\t\t\t\t\t\t<\/div>\n\t\t\t\t<\/div>\n\t\t\t\t<div class=\"elementor-element elementor-element-b1be234 elementor-widget elementor-widget-heading\" data-id=\"b1be234\" data-element_type=\"widget\" data-e-type=\"widget\" data-widget_type=\"heading.default\">\n\t\t\t\t<div class=\"elementor-widget-container\">\n\t\t\t\t\t<h2 class=\"elementor-heading-title elementor-size-default\">AUTONOMISATION<\/h2>\t\t\t\t<\/div>\n\t\t\t\t<\/div>\n\t\t\t\t<div class=\"elementor-element elementor-element-4c8e76d elementor-widget elementor-widget-heading\" data-id=\"4c8e76d\" data-element_type=\"widget\" data-e-type=\"widget\" data-widget_type=\"heading.default\">\n\t\t\t\t<div class=\"elementor-widget-container\">\n\t\t\t\t\t<h2 class=\"elementor-heading-title elementor-size-default\">Autonomisation de jeunes filles<br>Autres m\u00e9tiers<\/h2>\t\t\t\t<\/div>\n\t\t\t\t<\/div>\n\t\t\t\t<div class=\"elementor-element elementor-element-00b9dff elementor-widget elementor-widget-spacer\" data-id=\"00b9dff\" data-element_type=\"widget\" data-e-type=\"widget\" data-widget_type=\"spacer.default\">\n\t\t\t\t<div class=\"elementor-widget-container\">\n\t\t\t\t\t\t\t<div class=\"elementor-spacer\">\n\t\t\t<div class=\"elementor-spacer-inner\"><\/div>\n\t\t<\/div>\n\t\t\t\t\t\t<\/div>\n\t\t\t\t<\/div>\n\t\t\t\t\t<\/div>\n\t\t<\/div>\n\t\t\t\t\t<\/div>\n\t\t<\/section>\n\t\t\t\t<section class=\"elementor-section elementor-top-section elementor-element elementor-element-e8dd57f elementor-section-boxed elementor-section-height-default elementor-section-height-default\" data-id=\"e8dd57f\" data-element_type=\"section\" data-e-type=\"section\">\n\t\t\t\t\t\t<div class=\"elementor-container elementor-column-gap-default\">\n\t\t\t\t\t<div class=\"elementor-column elementor-col-100 elementor-top-column elementor-element elementor-element-52cb86f\" data-id=\"52cb86f\" data-element_type=\"column\" data-e-type=\"column\">\n\t\t\t<div class=\"elementor-widget-wrap elementor-element-populated\">\n\t\t\t\t\t\t<div class=\"elementor-element elementor-element-f155ac9 elementor-widget elementor-widget-spacer\" data-id=\"f155ac9\" data-element_type=\"widget\" data-e-type=\"widget\" data-widget_type=\"spacer.default\">\n\t\t\t\t<div class=\"elementor-widget-container\">\n\t\t\t\t\t\t\t<div class=\"elementor-spacer\">\n\t\t\t<div class=\"elementor-spacer-inner\"><\/div>\n\t\t<\/div>\n\t\t\t\t\t\t<\/div>\n\t\t\t\t<\/div>\n\t\t\t\t<div class=\"elementor-element elementor-element-1cbffd7 elementor-widget elementor-widget-text-editor\" data-id=\"1cbffd7\" data-element_type=\"widget\" data-e-type=\"widget\" data-widget_type=\"text-editor.default\">\n\t\t\t\t<div class=\"elementor-widget-container\">\n\t\t\t\t\t\t\t\t\t<p><span style=\"font-family: var( --e-global-typography-text-font-family ); font-size: 1rem;\">Le projet<\/span><span style=\"font-family: var( --e-global-typography-text-font-family ); font-size: 1rem; font-weight: bolder;\"><span style=\"color: #a71c20;\"> Autonomisation de jeunes filles &#8211; Autres m\u00e9tiers <\/span><\/span><span style=\"font-family: var( --e-global-typography-text-font-family ); font-size: 1rem;\">offre l\u2019opportunit\u00e9 \u00e0 des filles\u00a0<\/span><span style=\"font-family: var( --e-global-typography-text-font-family ); font-size: 1rem;\">\u00e2g\u00e9es de 14 \u00e0 20 ans\u00a0<\/span><span style=\"font-family: var( --e-global-typography-text-font-family ); font-size: 1rem;\">en situation difficile, de suivre une formation\u00a0<\/span><span style=\"font-family: var( --e-global-typography-text-font-family ); font-size: 1rem;\">et d&rsquo;\u00eatre accompagn\u00e9es dans une insertion professionnelle.<\/span><\/p><p>Ce projet a \u00e9t\u00e9 lanc\u00e9 en 2018 dans les d\u00e9partements du Mono et du Couffo.<\/p>\t\t\t\t\t\t\t\t<\/div>\n\t\t\t\t<\/div>\n\t\t\t\t<div class=\"elementor-element elementor-element-dc85786 elementor-widget elementor-widget-heading\" data-id=\"dc85786\" data-element_type=\"widget\" data-e-type=\"widget\" data-widget_type=\"heading.default\">\n\t\t\t\t<div class=\"elementor-widget-container\">\n\t\t\t\t\t<h2 class=\"elementor-heading-title elementor-size-default\">Autres m\u00e9tiers<\/h2>\t\t\t\t<\/div>\n\t\t\t\t<\/div>\n\t\t\t\t<div class=\"elementor-element elementor-element-cdb11e1 elementor-widget-divider--view-line elementor-widget elementor-widget-divider\" data-id=\"cdb11e1\" data-element_type=\"widget\" data-e-type=\"widget\" data-widget_type=\"divider.default\">\n\t\t\t\t<div class=\"elementor-widget-container\">\n\t\t\t\t\t\t\t<div class=\"elementor-divider\">\n\t\t\t<span class=\"elementor-divider-separator\">\n\t\t\t\t\t\t<\/span>\n\t\t<\/div>\n\t\t\t\t\t\t<\/div>\n\t\t\t\t<\/div>\n\t\t\t\t<section class=\"elementor-section elementor-inner-section elementor-element elementor-element-a07fdd6 elementor-section-boxed elementor-section-height-default elementor-section-height-default\" data-id=\"a07fdd6\" data-element_type=\"section\" data-e-type=\"section\">\n\t\t\t\t\t\t<div class=\"elementor-container elementor-column-gap-default\">\n\t\t\t\t\t<div class=\"elementor-column elementor-col-100 elementor-inner-column elementor-element elementor-element-f3ccab3\" data-id=\"f3ccab3\" data-element_type=\"column\" data-e-type=\"column\">\n\t\t\t<div class=\"elementor-widget-wrap elementor-element-populated\">\n\t\t\t\t\t\t<div class=\"elementor-element elementor-element-d803091 elementor-widget elementor-widget-text-editor\" data-id=\"d803091\" data-element_type=\"widget\" data-e-type=\"widget\" data-widget_type=\"text-editor.default\">\n\t\t\t\t<div class=\"elementor-widget-container\">\n\t\t\t\t\t\t\t\t\t<p>Les jeunes filles d\u00e9scolaris\u00e9es prise en charge par ce projet b\u00e9n\u00e9ficient d&rsquo;une p\u00e9riode d&rsquo;apprentissage <span style=\"font-family: var( --e-global-typography-text-font-family ); font-size: 1rem;\">de deux \u00e0 trois ans dans divers m\u00e9tiers tels que la couture, la coiffure et le tissage.\u00a0<\/span><\/p><p><span style=\"font-family: var( --e-global-typography-text-font-family ); font-size: 1rem;\">Au cours de\u00a0<\/span><span style=\"font-family: var( --e-global-typography-text-font-family ); font-size: 1rem;\">cet apprentissage, la Fondation Claudine Talon organise un suivi trimestriel de leur formation. Ces\u00a0<\/span><span style=\"font-family: var( --e-global-typography-text-font-family ); font-size: 1rem;\">s\u00e9ances bilans sont \u00e9galement l&rsquo;occasion de sensibiliser les jeunes filles sur des th\u00e9matiques telles que <\/span><span style=\"font-family: var( --e-global-typography-text-font-family ); font-size: 1rem;\">la sant\u00e9 sexuelle et reproductive.<\/span><\/p><p><span style=\"font-family: var( --e-global-typography-text-font-family ); font-size: 1rem;\">A l&rsquo;issue de cette formation pratique, les jeunes filles seront\u00a0<\/span><span style=\"font-family: var( --e-global-typography-text-font-family ); font-size: 1rem;\">accompagn\u00e9es par la Fondation Claudine Talon dans le d\u00e9marrage de leur activit\u00e9 professionnelle.\u00a0<\/span><\/p><p><span style=\"font-family: var( --e-global-typography-text-font-family ); font-size: 1rem;\">Au total 420 filles des d\u00e9partements du Mono et du Couffo ont b\u00e9n\u00e9fici\u00e9 de ce volet du projet. La moiti\u00e9 d&rsquo;entre elles a cl\u00f4tur\u00e9 sa p\u00e9riode d\u2019apprentissage et 156 ont r\u00e9ussi l\u2019examen national du Certificat de Qualification aux M\u00e9tiers. Ainsi 94 ateliers de couture, 46 salons de coiffure, 13 ateliers de tissage et 3 bureaux d&rsquo;assistance informatique seront op\u00e9rationnels gr\u00e2ce \u00e0 l&rsquo;appui mat\u00e9riel et financier de la Fondation Claudine Talon.\u00a0<\/span><\/p>\t\t\t\t\t\t\t\t<\/div>\n\t\t\t\t<\/div>\n\t\t\t\t\t<\/div>\n\t\t<\/div>\n\t\t\t\t\t<\/div>\n\t\t<\/section>\n\t\t\t\t\t<\/div>\n\t\t<\/div>\n\t\t\t\t\t<\/div>\n\t\t<\/section>\n\t\t\t\t<section class=\"elementor-section elementor-top-section elementor-element elementor-element-bec22d0 elementor-section-boxed elementor-section-height-default elementor-section-height-default\" data-id=\"bec22d0\" data-element_type=\"section\" data-e-type=\"section\">\n\t\t\t\t\t\t<div class=\"elementor-container elementor-column-gap-default\">\n\t\t\t\t\t<div class=\"elementor-column elementor-col-50 elementor-top-column elementor-element elementor-element-68990bd\" data-id=\"68990bd\" data-element_type=\"column\" data-e-type=\"column\">\n\t\t\t<div class=\"elementor-widget-wrap elementor-element-populated\">\n\t\t\t\t\t\t<div class=\"elementor-element elementor-element-7d3531d elementor-widget elementor-widget-video\" data-id=\"7d3531d\" data-element_type=\"widget\" data-e-type=\"widget\" data-settings=\"{&quot;youtube_url&quot;:&quot;https:\\\/\\\/youtu.be\\\/RXlf3GqLNrA&quot;,&quot;video_type&quot;:&quot;youtube&quot;,&quot;controls&quot;:&quot;yes&quot;}\" data-widget_type=\"video.default\">\n\t\t\t\t<div class=\"elementor-widget-container\">\n\t\t\t\t\t\t\t<div class=\"elementor-wrapper elementor-open-inline\">\n\t\t\t<div class=\"elementor-video\"><\/div>\t\t<\/div>\n\t\t\t\t\t\t<\/div>\n\t\t\t\t<\/div>\n\t\t\t\t\t<\/div>\n\t\t<\/div>\n\t\t\t\t<div class=\"elementor-column elementor-col-50 elementor-top-column elementor-element elementor-element-f4be754\" data-id=\"f4be754\" data-element_type=\"column\" data-e-type=\"column\">\n\t\t\t<div class=\"elementor-widget-wrap elementor-element-populated\">\n\t\t\t\t\t\t<div class=\"elementor-element elementor-element-0c19932 elementor-widget elementor-widget-image\" data-id=\"0c19932\" data-element_type=\"widget\" data-e-type=\"widget\" data-widget_type=\"image.default\">\n\t\t\t\t<div class=\"elementor-widget-container\">\n\t\t\t\t\t\t\t\t\t\t\t\t\t\t\t<img decoding=\"async\" src=\"https:\/\/fondationclaudinetalon.org\/wp-content\/uploads\/elementor\/thumbs\/sewing-machine-1-osg99z9h326gk5psztzm5kxlqaqpqdvw5ygq3fvglw.png\" title=\"sewing machine\" alt=\"sewing machine\" loading=\"lazy\" \/>\t\t\t\t\t\t\t\t\t\t\t\t\t\t\t<\/div>\n\t\t\t\t<\/div>\n\t\t\t\t\t<\/div>\n\t\t<\/div>\n\t\t\t\t\t<\/div>\n\t\t<\/section>\n\t\t\t\t<section class=\"elementor-section elementor-top-section elementor-element elementor-element-7fe2b8e elementor-section-boxed elementor-section-height-default elementor-section-height-default\" data-id=\"7fe2b8e\" data-element_type=\"section\" data-e-type=\"section\">\n\t\t\t\t\t\t<div class=\"elementor-container elementor-column-gap-default\">\n\t\t\t\t\t<div class=\"elementor-column elementor-col-100 elementor-top-column elementor-element elementor-element-1e26602\" data-id=\"1e26602\" data-element_type=\"column\" data-e-type=\"column\">\n\t\t\t<div class=\"elementor-widget-wrap elementor-element-populated\">\n\t\t\t\t\t\t<div class=\"elementor-element elementor-element-5ff2067 elementor-widget elementor-widget-spacer\" data-id=\"5ff2067\" data-element_type=\"widget\" data-e-type=\"widget\" data-widget_type=\"spacer.default\">\n\t\t\t\t<div class=\"elementor-widget-container\">\n\t\t\t\t\t\t\t<div class=\"elementor-spacer\">\n\t\t\t<div class=\"elementor-spacer-inner\"><\/div>\n\t\t<\/div>\n\t\t\t\t\t\t<\/div>\n\t\t\t\t<\/div>\n\t\t\t\t<div class=\"elementor-element elementor-element-243222c elementor-widget elementor-widget-heading\" data-id=\"243222c\" data-element_type=\"widget\" data-e-type=\"widget\" data-widget_type=\"heading.default\">\n\t\t\t\t<div class=\"elementor-widget-container\">\n\t\t\t\t\t<h2 class=\"elementor-heading-title elementor-size-default\">T\u00e9moignages<\/h2>\t\t\t\t<\/div>\n\t\t\t\t<\/div>\n\t\t\t\t<div class=\"elementor-element elementor-element-3106c09 elementor-widget-divider--view-line elementor-widget elementor-widget-divider\" data-id=\"3106c09\" data-element_type=\"widget\" data-e-type=\"widget\" data-widget_type=\"divider.default\">\n\t\t\t\t<div class=\"elementor-widget-container\">\n\t\t\t\t\t\t\t<div class=\"elementor-divider\">\n\t\t\t<span class=\"elementor-divider-separator\">\n\t\t\t\t\t\t<\/span>\n\t\t<\/div>\n\t\t\t\t\t\t<\/div>\n\t\t\t\t<\/div>\n\t\t\t\t<div class=\"elementor-element elementor-element-66b90fe elementor-widget elementor-widget-spacer\" data-id=\"66b90fe\" data-element_type=\"widget\" data-e-type=\"widget\" data-widget_type=\"spacer.default\">\n\t\t\t\t<div class=\"elementor-widget-container\">\n\t\t\t\t\t\t\t<div class=\"elementor-spacer\">\n\t\t\t<div class=\"elementor-spacer-inner\"><\/div>\n\t\t<\/div>\n\t\t\t\t\t\t<\/div>\n\t\t\t\t<\/div>\n\t\t\t\t\t<\/div>\n\t\t<\/div>\n\t\t\t\t\t<\/div>\n\t\t<\/section>\n\t\t\t\t<section class=\"elementor-section elementor-top-section elementor-element elementor-element-2fd2425 elementor-section-boxed elementor-section-height-default elementor-section-height-default\" data-id=\"2fd2425\" data-element_type=\"section\" data-e-type=\"section\">\n\t\t\t\t\t\t<div class=\"elementor-container elementor-column-gap-default\">\n\t\t\t\t\t<div class=\"elementor-column elementor-col-100 elementor-top-column elementor-element elementor-element-63b1cb3\" data-id=\"63b1cb3\" data-element_type=\"column\" data-e-type=\"column\">\n\t\t\t<div class=\"elementor-widget-wrap elementor-element-populated\">\n\t\t\t\t\t\t<div class=\"elementor-element elementor-element-ab80dfc elementor-widget elementor-widget-heading\" data-id=\"ab80dfc\" data-element_type=\"widget\" data-e-type=\"widget\" data-widget_type=\"heading.default\">\n\t\t\t\t<div class=\"elementor-widget-container\">\n\t\t\t\t\t<h2 class=\"elementor-heading-title elementor-size-default\">Le projet en chiffres<\/h2>\t\t\t\t<\/div>\n\t\t\t\t<\/div>\n\t\t\t\t<div class=\"elementor-element elementor-element-59f4d72 elementor-widget elementor-widget-heading\" data-id=\"59f4d72\" data-element_type=\"widget\" data-e-type=\"widget\" data-widget_type=\"heading.default\">\n\t\t\t\t<div class=\"elementor-widget-container\">\n\t\t\t\t\t<h2 class=\"elementor-heading-title elementor-size-default\">de 2018 \u00e0 2021<\/h2>\t\t\t\t<\/div>\n\t\t\t\t<\/div>\n\t\t\t\t<div class=\"elementor-element elementor-element-d42b4c4 elementor-widget-divider--view-line elementor-widget elementor-widget-divider\" data-id=\"d42b4c4\" data-element_type=\"widget\" data-e-type=\"widget\" data-widget_type=\"divider.default\">\n\t\t\t\t<div class=\"elementor-widget-container\">\n\t\t\t\t\t\t\t<div class=\"elementor-divider\">\n\t\t\t<span class=\"elementor-divider-separator\">\n\t\t\t\t\t\t<\/span>\n\t\t<\/div>\n\t\t\t\t\t\t<\/div>\n\t\t\t\t<\/div>\n\t\t\t\t<div class=\"elementor-element elementor-element-1a84032 elementor-widget elementor-widget-counter\" data-id=\"1a84032\" data-element_type=\"widget\" data-e-type=\"widget\" data-widget_type=\"counter.default\">\n\t\t\t\t<div class=\"elementor-widget-container\">\n\t\t\t\t\t\t\t<div class=\"elementor-counter\">\n\t\t\t<div class=\"elementor-counter-title\">Jeunes filles form\u00e9es<\/div>\t\t\t<div class=\"elementor-counter-number-wrapper\">\n\t\t\t\t<span class=\"elementor-counter-number-prefix\"><\/span>\n\t\t\t\t<span class=\"elementor-counter-number\" data-duration=\"2000\" data-to-value=\"420\" data-from-value=\"0\" data-delimiter=\",\">0<\/span>\n\t\t\t\t<span class=\"elementor-counter-number-suffix\"><\/span>\n\t\t\t<\/div>\n\t\t<\/div>\n\t\t\t\t\t\t<\/div>\n\t\t\t\t<\/div>\n\t\t\t\t<div class=\"elementor-element elementor-element-09a9878 elementor-widget elementor-widget-counter\" data-id=\"09a9878\" data-element_type=\"widget\" data-e-type=\"widget\" data-widget_type=\"counter.default\">\n\t\t\t\t<div class=\"elementor-widget-container\">\n\t\t\t\t\t\t\t<div class=\"elementor-counter\">\n\t\t\t<div class=\"elementor-counter-title\">Jeunes filles install\u00e9es<\/div>\t\t\t<div class=\"elementor-counter-number-wrapper\">\n\t\t\t\t<span class=\"elementor-counter-number-prefix\"><\/span>\n\t\t\t\t<span class=\"elementor-counter-number\" data-duration=\"2000\" data-to-value=\"156\" data-from-value=\"0\" data-delimiter=\",\">0<\/span>\n\t\t\t\t<span class=\"elementor-counter-number-suffix\"><\/span>\n\t\t\t<\/div>\n\t\t<\/div>\n\t\t\t\t\t\t<\/div>\n\t\t\t\t<\/div>\n\t\t\t\t<div class=\"elementor-element elementor-element-e02ec1e elementor-widget elementor-widget-counter\" data-id=\"e02ec1e\" data-element_type=\"widget\" data-e-type=\"widget\" data-widget_type=\"counter.default\">\n\t\t\t\t<div class=\"elementor-widget-container\">\n\t\t\t\t\t\t\t<div class=\"elementor-counter\">\n\t\t\t<div class=\"elementor-counter-title\">D\u00e9partements impact\u00e9s<\/div>\t\t\t<div class=\"elementor-counter-number-wrapper\">\n\t\t\t\t<span class=\"elementor-counter-number-prefix\"><\/span>\n\t\t\t\t<span class=\"elementor-counter-number\" data-duration=\"2000\" data-to-value=\"2\" data-from-value=\"0\" data-delimiter=\",\">0<\/span>\n\t\t\t\t<span class=\"elementor-counter-number-suffix\"><\/span>\n\t\t\t<\/div>\n\t\t<\/div>\n\t\t\t\t\t\t<\/div>\n\t\t\t\t<\/div>\n\t\t\t\t<div class=\"elementor-element elementor-element-7a9cad2 elementor-widget elementor-widget-spacer\" data-id=\"7a9cad2\" data-element_type=\"widget\" data-e-type=\"widget\" data-widget_type=\"spacer.default\">\n\t\t\t\t<div class=\"elementor-widget-container\">\n\t\t\t\t\t\t\t<div class=\"elementor-spacer\">\n\t\t\t<div class=\"elementor-spacer-inner\"><\/div>\n\t\t<\/div>\n\t\t\t\t\t\t<\/div>\n\t\t\t\t<\/div>\n\t\t\t\t\t<\/div>\n\t\t<\/div>\n\t\t\t\t\t<\/div>\n\t\t<\/section>\n\t\t\t\t<section class=\"elementor-section elementor-top-section elementor-element elementor-element-f39d766 elementor-section-boxed elementor-section-height-default elementor-section-height-default\" data-id=\"f39d766\" data-element_type=\"section\" data-e-type=\"section\">\n\t\t\t\t\t\t<div class=\"elementor-container elementor-column-gap-default\">\n\t\t\t\t\t<div class=\"elementor-column elementor-col-100 elementor-top-column elementor-element elementor-element-f7da4c5\" data-id=\"f7da4c5\" data-element_type=\"column\" data-e-type=\"column\">\n\t\t\t<div class=\"elementor-widget-wrap elementor-element-populated\">\n\t\t\t\t\t\t<div class=\"elementor-element elementor-element-4a39ae9 elementor-align-left elementor-widget elementor-widget-button\" data-id=\"4a39ae9\" data-element_type=\"widget\" data-e-type=\"widget\" data-widget_type=\"button.default\">\n\t\t\t\t<div class=\"elementor-widget-container\">\n\t\t\t\t\t\t\t\t\t<div class=\"elementor-button-wrapper\">\n\t\t\t\t\t<a class=\"elementor-button elementor-button-link elementor-size-sm\" href=\"https:\/\/fondationclaudinetalon.org\/index.php\/le-blog\/\">\n\t\t\t\t\t\t<span class=\"elementor-button-content-wrapper\">\n\t\t\t\t\t\t\t\t\t<span class=\"elementor-button-text\">SUIVEZ NOS ACTUALIT\u00c9S<\/span>\n\t\t\t\t\t<\/span>\n\t\t\t\t\t<\/a>\n\t\t\t\t<\/div>\n\t\t\t\t\t\t\t\t<\/div>\n\t\t\t\t<\/div>\n\t\t\t\t<div class=\"elementor-element elementor-element-e0364ab elementor-align-left elementor-widget elementor-widget-button\" data-id=\"e0364ab\" data-element_type=\"widget\" data-e-type=\"widget\" data-widget_type=\"button.default\">\n\t\t\t\t<div class=\"elementor-widget-container\">\n\t\t\t\t\t\t\t\t\t<div class=\"elementor-button-wrapper\">\n\t\t\t\t\t<a class=\"elementor-button elementor-button-link elementor-size-sm\" href=\"https:\/\/fondationclaudinetalon.org\/index.php\/faq\/\">\n\t\t\t\t\t\t<span class=\"elementor-button-content-wrapper\">\n\t\t\t\t\t\t\t\t\t<span class=\"elementor-button-text\">CONSULTEZ NOTRE FAQ<\/span>\n\t\t\t\t\t<\/span>\n\t\t\t\t\t<\/a>\n\t\t\t\t<\/div>\n\t\t\t\t\t\t\t\t<\/div>\n\t\t\t\t<\/div>\n\t\t\t\t\t<\/div>\n\t\t<\/div>\n\t\t\t\t\t<\/div>\n\t\t<\/section>\n\t\t\t\t<\/div>\n\t\t","protected":false},"excerpt":{"rendered":"<p>AUTONOMISATION Autonomisation de jeunes fillesAutres m\u00e9tiers Le projet Autonomisation de jeunes filles &#8211; Autres m\u00e9tiers offre l\u2019opportunit\u00e9 \u00e0 des filles\u00a0\u00e2g\u00e9es de 14 \u00e0 20 ans\u00a0en situation difficile, de suivre une formation\u00a0et d&rsquo;\u00eatre accompagn\u00e9es dans une insertion professionnelle. Ce projet a \u00e9t\u00e9 lanc\u00e9 en 2018 dans les d\u00e9partements du Mono et du Couffo. Autres m\u00e9tiers Les [&hellip;]<\/p>\n","protected":false},"author":1,"featured_media":0,"parent":0,"menu_order":0,"comment_status":"closed","ping_status":"closed","template":"elementor_header_footer","meta":{"_monsterinsights_skip_tracking":false,"_monsterinsights_sitenote_active":false,"_monsterinsights_sitenote_note":"","_monsterinsights_sitenote_category":0,"footnotes":""},"class_list":["post-6967","page","type-page","status-publish","hentry"],"_links":{"self":[{"href":"https:\/\/fondationclaudinetalon.org\/index.php\/wp-json\/wp\/v2\/pages\/6967","targetHints":{"allow":["GET"]}}],"collection":[{"href":"https:\/\/fondationclaudinetalon.org\/index.php\/wp-json\/wp\/v2\/pages"}],"about":[{"href":"https:\/\/fondationclaudinetalon.org\/index.php\/wp-json\/wp\/v2\/types\/page"}],"author":[{"embeddable":true,"href":"https:\/\/fondationclaudinetalon.org\/index.php\/wp-json\/wp\/v2\/users\/1"}],"replies":[{"embeddable":true,"href":"https:\/\/fondationclaudinetalon.org\/index.php\/wp-json\/wp\/v2\/comments?post=6967"}],"version-history":[{"count":12,"href":"https:\/\/fondationclaudinetalon.org\/index.php\/wp-json\/wp\/v2\/pages\/6967\/revisions"}],"predecessor-version":[{"id":10210,"href":"https:\/\/fondationclaudinetalon.org\/index.php\/wp-json\/wp\/v2\/pages\/6967\/revisions\/10210"}],"wp:attachment":[{"href":"https:\/\/fondationclaudinetalon.org\/index.php\/wp-json\/wp\/v2\/media?parent=6967"}],"curies":[{"name":"wp","href":"https:\/\/api.w.org\/{rel}","templated":true}]}}