{"id":417,"date":"2019-02-06T14:44:02","date_gmt":"2019-02-06T13:44:02","guid":{"rendered":"http:\/\/fondationclaudinetalon.org\/?page_id=417"},"modified":"2026-05-06T16:04:51","modified_gmt":"2026-05-06T14:04:51","slug":"elementor-417","status":"publish","type":"page","link":"https:\/\/fondationclaudinetalon.org\/","title":{"rendered":"Fondation Claudine Talon"},"content":{"rendered":"\t\t<div data-elementor-type=\"wp-page\" data-elementor-id=\"417\" class=\"elementor elementor-417\">\n\t\t\t\t<div class=\"elementor-element elementor-element-e097a2f e-con-full e-flex e-con e-parent\" data-id=\"e097a2f\" data-element_type=\"container\" data-e-type=\"container\" data-settings=\"{&quot;background_background&quot;:&quot;classic&quot;}\">\n\t\t\t\t<div class=\"elementor-element elementor-element-422a68c elementor-widget__width-inherit elementor-widget elementor-widget-text-editor\" data-id=\"422a68c\" data-element_type=\"widget\" data-e-type=\"widget\" data-widget_type=\"text-editor.default\">\n\t\t\t\t<div class=\"elementor-widget-container\">\n\t\t\t\t\t\t\t\t\t<p>Apporter une r\u00e9ponse rapide et int\u00e9gr\u00e9e<\/p><p>aux besoins prioritaires des femmes<\/p><p>et des enfants vuln\u00e9rables au B\u00e9nin<\/p>\t\t\t\t\t\t\t\t<\/div>\n\t\t\t\t<\/div>\n\t\t\t\t<div class=\"elementor-element elementor-element-38db0af elementor-align-left elementor-widget__width-inherit elementor-widget elementor-widget-button\" data-id=\"38db0af\" data-element_type=\"widget\" data-e-type=\"widget\" data-widget_type=\"button.default\">\n\t\t\t\t<div class=\"elementor-widget-container\">\n\t\t\t\t\t\t\t\t\t<div class=\"elementor-button-wrapper\">\n\t\t\t\t\t<a class=\"elementor-button elementor-button-link elementor-size-sm\" href=\"https:\/\/fondationclaudinetalon.org\/index.php\/a-propos\/\">\n\t\t\t\t\t\t<span class=\"elementor-button-content-wrapper\">\n\t\t\t\t\t\t\t\t\t<span class=\"elementor-button-text\">En savoir plus<\/span>\n\t\t\t\t\t<\/span>\n\t\t\t\t\t<\/a>\n\t\t\t\t<\/div>\n\t\t\t\t\t\t\t\t<\/div>\n\t\t\t\t<\/div>\n\t\t\t\t<\/div>\n\t\t<div class=\"elementor-element elementor-element-0a04980 e-con-full elementor-hidden-desktop elementor-hidden-tablet elementor-hidden-mobile e-flex e-con e-parent\" data-id=\"0a04980\" data-element_type=\"container\" data-e-type=\"container\">\n\t\t\t\t<div class=\"elementor-element elementor-element-062e4c6 elementor-widget__width-inherit elementor-widget elementor-widget-text-editor\" data-id=\"062e4c6\" data-element_type=\"widget\" data-e-type=\"widget\" data-widget_type=\"text-editor.default\">\n\t\t\t\t<div class=\"elementor-widget-container\">\n\t\t\t\t\t\t\t\t\t<p>Dans les prochains jours<\/p>\t\t\t\t\t\t\t\t<\/div>\n\t\t\t\t<\/div>\n\t\t<div class=\"elementor-element elementor-element-dae7480 e-grid e-con-full e-con e-child\" data-id=\"dae7480\" data-element_type=\"container\" data-e-type=\"container\">\n\t\t<div class=\"elementor-element elementor-element-03ba81f e-con-full e-flex e-con e-child\" data-id=\"03ba81f\" data-element_type=\"container\" data-e-type=\"container\">\n\t\t\t\t<div class=\"elementor-element elementor-element-4a65753 elementor-view-stacked elementor-shape-circle elementor-widget elementor-widget-icon\" data-id=\"4a65753\" data-element_type=\"widget\" data-e-type=\"widget\" data-widget_type=\"icon.default\">\n\t\t\t\t<div class=\"elementor-widget-container\">\n\t\t\t\t\t\t\t<div class=\"elementor-icon-wrapper\">\n\t\t\t<div class=\"elementor-icon\">\n\t\t\t<i aria-hidden=\"true\" class=\"far fa-bell\"><\/i>\t\t\t<\/div>\n\t\t<\/div>\n\t\t\t\t\t\t<\/div>\n\t\t\t\t<\/div>\n\t\t\t\t<div class=\"elementor-element elementor-element-359b335 elementor-widget__width-inherit elementor-widget elementor-widget-text-editor\" data-id=\"359b335\" data-element_type=\"widget\" data-e-type=\"widget\" data-widget_type=\"text-editor.default\">\n\t\t\t\t<div class=\"elementor-widget-container\">\n\t\t\t\t\t\t\t\t\t<p>La deuxi\u00e8me campagne de d\u00e9pistage et de traitement gratuits de la cataracte pour l\u2019ann\u00e9e 2026 d\u00e9marrera le 10 mars dans le Couffo, \u00e0 l\u2019H\u00f4pital de Zone d\u2019Aplahou\u00e9.<\/p>\t\t\t\t\t\t\t\t<\/div>\n\t\t\t\t<\/div>\n\t\t\t\t<div class=\"elementor-element elementor-element-6f43ec3 elementor-align-left elementor-widget__width-inherit elementor-widget elementor-widget-button\" data-id=\"6f43ec3\" data-element_type=\"widget\" data-e-type=\"widget\" data-widget_type=\"button.default\">\n\t\t\t\t<div class=\"elementor-widget-container\">\n\t\t\t\t\t\t\t\t\t<div class=\"elementor-button-wrapper\">\n\t\t\t\t\t<a class=\"elementor-button elementor-button-link elementor-size-sm\" href=\"https:\/\/fondationclaudinetalon.org\/index.php\/prise-en-charge-de-la-cataracte\/\">\n\t\t\t\t\t\t<span class=\"elementor-button-content-wrapper\">\n\t\t\t\t\t\t\t\t\t<span class=\"elementor-button-text\">En savoir plus<\/span>\n\t\t\t\t\t<\/span>\n\t\t\t\t\t<\/a>\n\t\t\t\t<\/div>\n\t\t\t\t\t\t\t\t<\/div>\n\t\t\t\t<\/div>\n\t\t\t\t<\/div>\n\t\t\t\t<div class=\"elementor-element elementor-element-08c7124 elementor-hidden-mobile elementor-widget elementor-widget-image\" data-id=\"08c7124\" data-element_type=\"widget\" data-e-type=\"widget\" data-widget_type=\"image.default\">\n\t\t\t\t<div class=\"elementor-widget-container\">\n\t\t\t\t\t\t\t\t\t\t\t\t\t\t\t<img fetchpriority=\"high\" decoding=\"async\" width=\"768\" height=\"433\" src=\"https:\/\/fondationclaudinetalon.org\/wp-content\/uploads\/2026\/02\/Cataracte-Abomey-visuel-768x433.jpg\" class=\"attachment-medium_large size-medium_large wp-image-11335\" alt=\"\" srcset=\"https:\/\/fondationclaudinetalon.org\/wp-content\/uploads\/2026\/02\/Cataracte-Abomey-visuel-768x433.jpg 768w, https:\/\/fondationclaudinetalon.org\/wp-content\/uploads\/2026\/02\/Cataracte-Abomey-visuel-300x169.jpg 300w, https:\/\/fondationclaudinetalon.org\/wp-content\/uploads\/2026\/02\/Cataracte-Abomey-visuel-1024x577.jpg 1024w, https:\/\/fondationclaudinetalon.org\/wp-content\/uploads\/2026\/02\/Cataracte-Abomey-visuel.jpg 1417w\" sizes=\"(max-width: 768px) 100vw, 768px\" \/>\t\t\t\t\t\t\t\t\t\t\t\t\t\t\t<\/div>\n\t\t\t\t<\/div>\n\t\t\t\t<\/div>\n\t\t\t\t<\/div>\n\t\t<div class=\"elementor-element elementor-element-8f021d7 e-con-full e-flex e-con e-parent\" data-id=\"8f021d7\" data-element_type=\"container\" data-e-type=\"container\">\n\t\t\t\t<div class=\"elementor-element elementor-element-137ea80 elementor-widget__width-inherit elementor-widget elementor-widget-text-editor\" data-id=\"137ea80\" data-element_type=\"widget\" data-e-type=\"widget\" data-widget_type=\"text-editor.default\">\n\t\t\t\t<div class=\"elementor-widget-container\">\n\t\t\t\t\t\t\t\t\t<p>\u00c0 propos de nous<\/p>\t\t\t\t\t\t\t\t<\/div>\n\t\t\t\t<\/div>\n\t\t<div class=\"elementor-element elementor-element-ba15415 e-grid e-con-full e-con e-child\" data-id=\"ba15415\" data-element_type=\"container\" data-e-type=\"container\">\n\t\t\t\t<div class=\"elementor-element elementor-element-0a18fe6 elementor-widget elementor-widget-image\" data-id=\"0a18fe6\" data-element_type=\"widget\" data-e-type=\"widget\" data-widget_type=\"image.default\">\n\t\t\t\t<div class=\"elementor-widget-container\">\n\t\t\t\t\t\t\t\t\t\t\t\t\t\t\t<img decoding=\"async\" width=\"768\" height=\"431\" src=\"https:\/\/fondationclaudinetalon.org\/wp-content\/uploads\/2026\/02\/A-propos-768x431.jpg\" class=\"attachment-medium_large size-medium_large wp-image-11377\" alt=\"\" srcset=\"https:\/\/fondationclaudinetalon.org\/wp-content\/uploads\/2026\/02\/A-propos-768x431.jpg 768w, https:\/\/fondationclaudinetalon.org\/wp-content\/uploads\/2026\/02\/A-propos-300x169.jpg 300w, https:\/\/fondationclaudinetalon.org\/wp-content\/uploads\/2026\/02\/A-propos-1024x575.jpg 1024w, https:\/\/fondationclaudinetalon.org\/wp-content\/uploads\/2026\/02\/A-propos.jpg 1417w\" sizes=\"(max-width: 768px) 100vw, 768px\" \/>\t\t\t\t\t\t\t\t\t\t\t\t\t\t\t<\/div>\n\t\t\t\t<\/div>\n\t\t<div class=\"elementor-element elementor-element-31dfcf1 e-con-full e-flex e-con e-child\" data-id=\"31dfcf1\" data-element_type=\"container\" data-e-type=\"container\">\n\t\t\t\t<div class=\"elementor-element elementor-element-5b36448 elementor-widget__width-inherit elementor-widget elementor-widget-text-editor\" data-id=\"5b36448\" data-element_type=\"widget\" data-e-type=\"widget\" data-widget_type=\"text-editor.default\">\n\t\t\t\t<div class=\"elementor-widget-container\">\n\t\t\t\t\t\t\t\t\t<p>Cr\u00e9\u00e9e en 2016, la Fondation Claudine Talon est une organisation non-gouvernementale \u00e0 but non-lucratif qui \u0153uvre pour l\u2019am\u00e9lioration des conditions de vie des populations vuln\u00e9rables au B\u00e9nin, avec une attention particuli\u00e8re port\u00e9e aux femmes et aux enfants.<\/p>\t\t\t\t\t\t\t\t<\/div>\n\t\t\t\t<\/div>\n\t\t\t\t<div class=\"elementor-element elementor-element-129dfd7 elementor-align-left elementor-widget__width-inherit elementor-widget elementor-widget-button\" data-id=\"129dfd7\" data-element_type=\"widget\" data-e-type=\"widget\" data-widget_type=\"button.default\">\n\t\t\t\t<div class=\"elementor-widget-container\">\n\t\t\t\t\t\t\t\t\t<div class=\"elementor-button-wrapper\">\n\t\t\t\t\t<a class=\"elementor-button elementor-button-link elementor-size-sm\" href=\"https:\/\/fondationclaudinetalon.org\/index.php\/a-propos\/\">\n\t\t\t\t\t\t<span class=\"elementor-button-content-wrapper\">\n\t\t\t\t\t\t\t\t\t<span class=\"elementor-button-text\">En savoir plus<\/span>\n\t\t\t\t\t<\/span>\n\t\t\t\t\t<\/a>\n\t\t\t\t<\/div>\n\t\t\t\t\t\t\t\t<\/div>\n\t\t\t\t<\/div>\n\t\t\t\t<\/div>\n\t\t\t\t<\/div>\n\t\t\t\t<\/div>\n\t\t<div class=\"elementor-element elementor-element-1562399 e-con-full e-flex e-con e-parent\" data-id=\"1562399\" data-element_type=\"container\" data-e-type=\"container\">\n\t\t\t\t<div class=\"elementor-element elementor-element-02bc447 elementor-widget__width-inherit elementor-widget elementor-widget-text-editor\" data-id=\"02bc447\" data-element_type=\"widget\" data-e-type=\"widget\" data-widget_type=\"text-editor.default\">\n\t\t\t\t<div class=\"elementor-widget-container\">\n\t\t\t\t\t\t\t\t\t<p>Domaines d\u2019intervention<\/p>\t\t\t\t\t\t\t\t<\/div>\n\t\t\t\t<\/div>\n\t\t<div class=\"elementor-element elementor-element-6dcd550 e-grid e-con-full e-con e-child\" data-id=\"6dcd550\" data-element_type=\"container\" data-e-type=\"container\">\n\t\t<div class=\"elementor-element elementor-element-07abe09 e-con-full e-flex e-con e-child\" data-id=\"07abe09\" data-element_type=\"container\" data-e-type=\"container\">\n\t\t<div class=\"elementor-element elementor-element-b6aa816 e-grid e-con-full e-con e-child\" data-id=\"b6aa816\" data-element_type=\"container\" data-e-type=\"container\">\n\t\t\t\t<div class=\"elementor-element elementor-element-f93f42d elementor-widget__width-inherit elementor-widget elementor-widget-text-editor\" data-id=\"f93f42d\" data-element_type=\"widget\" data-e-type=\"widget\" data-widget_type=\"text-editor.default\">\n\t\t\t\t<div class=\"elementor-widget-container\">\n\t\t\t\t\t\t\t\t\t<p>Sant\u00e9<\/p>\t\t\t\t\t\t\t\t<\/div>\n\t\t\t\t<\/div>\n\t\t\t\t<div class=\"elementor-element elementor-element-3cbb177 elementor-view-framed elementor-shape-circle elementor-widget elementor-widget-icon\" data-id=\"3cbb177\" data-element_type=\"widget\" data-e-type=\"widget\" data-widget_type=\"icon.default\">\n\t\t\t\t<div class=\"elementor-widget-container\">\n\t\t\t\t\t\t\t<div class=\"elementor-icon-wrapper\">\n\t\t\t<a class=\"elementor-icon\" href=\"https:\/\/fondationclaudinetalon.org\/index.php\/page-daccueil-sante\/\">\n\t\t\t<i aria-hidden=\"true\" class=\"fas fa-arrow-right\"><\/i>\t\t\t<\/a>\n\t\t<\/div>\n\t\t\t\t\t\t<\/div>\n\t\t\t\t<\/div>\n\t\t\t\t<\/div>\n\t\t\t\t<div class=\"elementor-element elementor-element-673a1bd elementor-widget__width-inherit elementor-widget elementor-widget-text-editor\" data-id=\"673a1bd\" data-element_type=\"widget\" data-e-type=\"widget\" data-widget_type=\"text-editor.default\">\n\t\t\t\t<div class=\"elementor-widget-container\">\n\t\t\t\t\t\t\t\t\t<p>La Fondation Claudine Talon vise l\u2019am\u00e9lioration de l\u2019acc\u00e8s \u00e0 des soins de sant\u00e9 de qualit\u00e9.<\/p>\t\t\t\t\t\t\t\t<\/div>\n\t\t\t\t<\/div>\n\t\t\t\t<div class=\"elementor-element elementor-element-e30d8f2 elementor-widget elementor-widget-image\" data-id=\"e30d8f2\" data-element_type=\"widget\" data-e-type=\"widget\" data-widget_type=\"image.default\">\n\t\t\t\t<div class=\"elementor-widget-container\">\n\t\t\t\t\t\t\t\t\t\t\t\t\t\t\t<img decoding=\"async\" width=\"768\" height=\"432\" src=\"https:\/\/fondationclaudinetalon.org\/wp-content\/uploads\/2026\/02\/Sante-768x432.jpg\" class=\"attachment-medium_large size-medium_large wp-image-11395\" alt=\"\" srcset=\"https:\/\/fondationclaudinetalon.org\/wp-content\/uploads\/2026\/02\/Sante-768x432.jpg 768w, https:\/\/fondationclaudinetalon.org\/wp-content\/uploads\/2026\/02\/Sante-300x169.jpg 300w, https:\/\/fondationclaudinetalon.org\/wp-content\/uploads\/2026\/02\/Sante-1024x576.jpg 1024w, https:\/\/fondationclaudinetalon.org\/wp-content\/uploads\/2026\/02\/Sante.jpg 1417w\" sizes=\"(max-width: 768px) 100vw, 768px\" \/>\t\t\t\t\t\t\t\t\t\t\t\t\t\t\t<\/div>\n\t\t\t\t<\/div>\n\t\t\t\t<\/div>\n\t\t<div class=\"elementor-element elementor-element-727b7a0 e-con-full e-flex e-con e-child\" data-id=\"727b7a0\" data-element_type=\"container\" data-e-type=\"container\" data-settings=\"{&quot;background_background&quot;:&quot;gradient&quot;}\">\n\t\t<div class=\"elementor-element elementor-element-e3400c1 e-grid e-con-full e-con e-child\" data-id=\"e3400c1\" data-element_type=\"container\" data-e-type=\"container\">\n\t\t\t\t<div class=\"elementor-element elementor-element-5e10f23 elementor-widget__width-inherit elementor-widget elementor-widget-text-editor\" data-id=\"5e10f23\" data-element_type=\"widget\" data-e-type=\"widget\" data-widget_type=\"text-editor.default\">\n\t\t\t\t<div class=\"elementor-widget-container\">\n\t\t\t\t\t\t\t\t\t<p>WASH<\/p>\t\t\t\t\t\t\t\t<\/div>\n\t\t\t\t<\/div>\n\t\t\t\t<div class=\"elementor-element elementor-element-6bf7f42 elementor-view-framed elementor-shape-circle elementor-widget elementor-widget-icon\" data-id=\"6bf7f42\" data-element_type=\"widget\" data-e-type=\"widget\" data-widget_type=\"icon.default\">\n\t\t\t\t<div class=\"elementor-widget-container\">\n\t\t\t\t\t\t\t<div class=\"elementor-icon-wrapper\">\n\t\t\t<a class=\"elementor-icon\" href=\"https:\/\/fondationclaudinetalon.org\/index.php\/wash-eau-hygiene-et-assainissement\/\">\n\t\t\t<i aria-hidden=\"true\" class=\"fas fa-arrow-right\"><\/i>\t\t\t<\/a>\n\t\t<\/div>\n\t\t\t\t\t\t<\/div>\n\t\t\t\t<\/div>\n\t\t\t\t<\/div>\n\t\t\t\t<div class=\"elementor-element elementor-element-b22eb2c elementor-widget__width-inherit elementor-widget elementor-widget-text-editor\" data-id=\"b22eb2c\" data-element_type=\"widget\" data-e-type=\"widget\" data-widget_type=\"text-editor.default\">\n\t\t\t\t<div class=\"elementor-widget-container\">\n\t\t\t\t\t\t\t\t\t<p>La Fondation Claudine Talon trouve des solutions durables au manque d\u2019acc\u00e8s \u00e0 l\u2019eau potable et \u00e0 l\u2019absent\u00e9isme des \u00e9l\u00e8ves \u00e0 l\u2019\u00e9cole pour cause de menstrues.<\/p>\t\t\t\t\t\t\t\t<\/div>\n\t\t\t\t<\/div>\n\t\t\t\t<div class=\"elementor-element elementor-element-88aad27 elementor-widget elementor-widget-image\" data-id=\"88aad27\" data-element_type=\"widget\" data-e-type=\"widget\" data-widget_type=\"image.default\">\n\t\t\t\t<div class=\"elementor-widget-container\">\n\t\t\t\t\t\t\t\t\t\t\t\t\t\t\t<img loading=\"lazy\" decoding=\"async\" width=\"768\" height=\"511\" src=\"https:\/\/fondationclaudinetalon.org\/wp-content\/uploads\/2026\/02\/Wash-768x511.jpg\" class=\"attachment-medium_large size-medium_large wp-image-11411\" alt=\"\" srcset=\"https:\/\/fondationclaudinetalon.org\/wp-content\/uploads\/2026\/02\/Wash-768x511.jpg 768w, https:\/\/fondationclaudinetalon.org\/wp-content\/uploads\/2026\/02\/Wash-300x200.jpg 300w, https:\/\/fondationclaudinetalon.org\/wp-content\/uploads\/2026\/02\/Wash-1024x681.jpg 1024w, https:\/\/fondationclaudinetalon.org\/wp-content\/uploads\/2026\/02\/Wash.jpg 1417w\" sizes=\"(max-width: 768px) 100vw, 768px\" \/>\t\t\t\t\t\t\t\t\t\t\t\t\t\t\t<\/div>\n\t\t\t\t<\/div>\n\t\t\t\t<\/div>\n\t\t<div class=\"elementor-element elementor-element-ac91036 e-con-full e-flex e-con e-child\" data-id=\"ac91036\" data-element_type=\"container\" data-e-type=\"container\">\n\t\t<div class=\"elementor-element elementor-element-774e0bf e-grid e-con-full e-con e-child\" data-id=\"774e0bf\" data-element_type=\"container\" data-e-type=\"container\">\n\t\t\t\t<div class=\"elementor-element elementor-element-d8c6b9c elementor-widget__width-inherit elementor-widget elementor-widget-text-editor\" data-id=\"d8c6b9c\" data-element_type=\"widget\" data-e-type=\"widget\" data-widget_type=\"text-editor.default\">\n\t\t\t\t<div class=\"elementor-widget-container\">\n\t\t\t\t\t\t\t\t\t<p>\u00c9ducation<\/p>\t\t\t\t\t\t\t\t<\/div>\n\t\t\t\t<\/div>\n\t\t\t\t<div class=\"elementor-element elementor-element-4971838 elementor-view-framed elementor-shape-circle elementor-widget elementor-widget-icon\" data-id=\"4971838\" data-element_type=\"widget\" data-e-type=\"widget\" data-widget_type=\"icon.default\">\n\t\t\t\t<div class=\"elementor-widget-container\">\n\t\t\t\t\t\t\t<div class=\"elementor-icon-wrapper\">\n\t\t\t<a class=\"elementor-icon\" href=\"https:\/\/fondationclaudinetalon.org\/index.php\/page-daccueil-education\/\">\n\t\t\t<i aria-hidden=\"true\" class=\"fas fa-arrow-right\"><\/i>\t\t\t<\/a>\n\t\t<\/div>\n\t\t\t\t\t\t<\/div>\n\t\t\t\t<\/div>\n\t\t\t\t<\/div>\n\t\t\t\t<div class=\"elementor-element elementor-element-ffde309 elementor-widget__width-inherit elementor-widget elementor-widget-text-editor\" data-id=\"ffde309\" data-element_type=\"widget\" data-e-type=\"widget\" data-widget_type=\"text-editor.default\">\n\t\t\t\t<div class=\"elementor-widget-container\">\n\t\t\t\t\t\t\t\t\t<p>La Fondation Claudine Talon contribue \u00e0 l\u2019am\u00e9lioration du cadre scolaire et stimule l\u2019excellence.<\/p>\t\t\t\t\t\t\t\t<\/div>\n\t\t\t\t<\/div>\n\t\t\t\t<div class=\"elementor-element elementor-element-b8611ff elementor-widget elementor-widget-image\" data-id=\"b8611ff\" data-element_type=\"widget\" data-e-type=\"widget\" data-widget_type=\"image.default\">\n\t\t\t\t<div class=\"elementor-widget-container\">\n\t\t\t\t\t\t\t\t\t\t\t\t\t\t\t<img loading=\"lazy\" decoding=\"async\" width=\"768\" height=\"432\" src=\"https:\/\/fondationclaudinetalon.org\/wp-content\/uploads\/2026\/02\/Education-768x432.jpg\" class=\"attachment-medium_large size-medium_large wp-image-11422\" alt=\"\" srcset=\"https:\/\/fondationclaudinetalon.org\/wp-content\/uploads\/2026\/02\/Education-768x432.jpg 768w, https:\/\/fondationclaudinetalon.org\/wp-content\/uploads\/2026\/02\/Education-300x169.jpg 300w, https:\/\/fondationclaudinetalon.org\/wp-content\/uploads\/2026\/02\/Education-1024x576.jpg 1024w, https:\/\/fondationclaudinetalon.org\/wp-content\/uploads\/2026\/02\/Education.jpg 1417w\" sizes=\"(max-width: 768px) 100vw, 768px\" \/>\t\t\t\t\t\t\t\t\t\t\t\t\t\t\t<\/div>\n\t\t\t\t<\/div>\n\t\t\t\t<\/div>\n\t\t<div class=\"elementor-element elementor-element-b337f96 e-con-full e-flex e-con e-child\" data-id=\"b337f96\" data-element_type=\"container\" data-e-type=\"container\">\n\t\t<div class=\"elementor-element elementor-element-a877b33 e-grid e-con-full e-con e-child\" data-id=\"a877b33\" data-element_type=\"container\" data-e-type=\"container\">\n\t\t\t\t<div class=\"elementor-element elementor-element-6935fae elementor-widget__width-inherit elementor-widget elementor-widget-text-editor\" data-id=\"6935fae\" data-element_type=\"widget\" data-e-type=\"widget\" data-widget_type=\"text-editor.default\">\n\t\t\t\t<div class=\"elementor-widget-container\">\n\t\t\t\t\t\t\t\t\t<p>Autonomisation<\/p>\t\t\t\t\t\t\t\t<\/div>\n\t\t\t\t<\/div>\n\t\t\t\t<div class=\"elementor-element elementor-element-b211022 elementor-view-framed elementor-shape-circle elementor-widget elementor-widget-icon\" data-id=\"b211022\" data-element_type=\"widget\" data-e-type=\"widget\" data-widget_type=\"icon.default\">\n\t\t\t\t<div class=\"elementor-widget-container\">\n\t\t\t\t\t\t\t<div class=\"elementor-icon-wrapper\">\n\t\t\t<a class=\"elementor-icon\" href=\"https:\/\/fondationclaudinetalon.org\/index.php\/autonomisation\/\">\n\t\t\t<i aria-hidden=\"true\" class=\"fas fa-arrow-right\"><\/i>\t\t\t<\/a>\n\t\t<\/div>\n\t\t\t\t\t\t<\/div>\n\t\t\t\t<\/div>\n\t\t\t\t<\/div>\n\t\t\t\t<div class=\"elementor-element elementor-element-8fc1f87 elementor-widget__width-inherit elementor-widget elementor-widget-text-editor\" data-id=\"8fc1f87\" data-element_type=\"widget\" data-e-type=\"widget\" data-widget_type=\"text-editor.default\">\n\t\t\t\t<div class=\"elementor-widget-container\">\n\t\t\t\t\t\t\t\t\t<p>La Fondation Claudine Talon permet \u00e0 des jeunes filles d\u00e9scolaris\u00e9es d\u2019apprendre un m\u00e9tier et de devenir autonomes.<\/p>\t\t\t\t\t\t\t\t<\/div>\n\t\t\t\t<\/div>\n\t\t\t\t<div class=\"elementor-element elementor-element-3a8b5ec elementor-widget elementor-widget-image\" data-id=\"3a8b5ec\" data-element_type=\"widget\" data-e-type=\"widget\" data-widget_type=\"image.default\">\n\t\t\t\t<div class=\"elementor-widget-container\">\n\t\t\t\t\t\t\t\t\t\t\t\t\t\t\t<img loading=\"lazy\" decoding=\"async\" width=\"768\" height=\"511\" src=\"https:\/\/fondationclaudinetalon.org\/wp-content\/uploads\/2026\/02\/Autonomisation-768x511.jpg\" class=\"attachment-medium_large size-medium_large wp-image-11426\" alt=\"\" srcset=\"https:\/\/fondationclaudinetalon.org\/wp-content\/uploads\/2026\/02\/Autonomisation-768x511.jpg 768w, https:\/\/fondationclaudinetalon.org\/wp-content\/uploads\/2026\/02\/Autonomisation-300x200.jpg 300w, https:\/\/fondationclaudinetalon.org\/wp-content\/uploads\/2026\/02\/Autonomisation-1024x681.jpg 1024w, https:\/\/fondationclaudinetalon.org\/wp-content\/uploads\/2026\/02\/Autonomisation.jpg 1417w\" sizes=\"(max-width: 768px) 100vw, 768px\" \/>\t\t\t\t\t\t\t\t\t\t\t\t\t\t\t<\/div>\n\t\t\t\t<\/div>\n\t\t\t\t<\/div>\n\t\t<div class=\"elementor-element elementor-element-92d1ff7 e-con-full e-flex e-con e-child\" data-id=\"92d1ff7\" data-element_type=\"container\" data-e-type=\"container\">\n\t\t<div class=\"elementor-element elementor-element-3a41420 e-grid e-con-full e-con e-child\" data-id=\"3a41420\" data-element_type=\"container\" data-e-type=\"container\">\n\t\t\t\t<div class=\"elementor-element elementor-element-a205023 elementor-widget__width-inherit elementor-widget elementor-widget-text-editor\" data-id=\"a205023\" data-element_type=\"widget\" data-e-type=\"widget\" data-widget_type=\"text-editor.default\">\n\t\t\t\t<div class=\"elementor-widget-container\">\n\t\t\t\t\t\t\t\t\t<p>Solidarit\u00e9<\/p>\t\t\t\t\t\t\t\t<\/div>\n\t\t\t\t<\/div>\n\t\t\t\t<div class=\"elementor-element elementor-element-e40beb1 elementor-view-framed elementor-shape-circle elementor-widget elementor-widget-icon\" data-id=\"e40beb1\" data-element_type=\"widget\" data-e-type=\"widget\" data-widget_type=\"icon.default\">\n\t\t\t\t<div class=\"elementor-widget-container\">\n\t\t\t\t\t\t\t<div class=\"elementor-icon-wrapper\">\n\t\t\t<a class=\"elementor-icon\" href=\"https:\/\/fondationclaudinetalon.org\/index.php\/solidarite\/\">\n\t\t\t<i aria-hidden=\"true\" class=\"fas fa-arrow-right\"><\/i>\t\t\t<\/a>\n\t\t<\/div>\n\t\t\t\t\t\t<\/div>\n\t\t\t\t<\/div>\n\t\t\t\t<\/div>\n\t\t\t\t<div class=\"elementor-element elementor-element-24df3fc elementor-widget__width-inherit elementor-widget elementor-widget-text-editor\" data-id=\"24df3fc\" data-element_type=\"widget\" data-e-type=\"widget\" data-widget_type=\"text-editor.default\">\n\t\t\t\t<div class=\"elementor-widget-container\">\n\t\t\t\t\t\t\t\t\t<p>La Fondation Claudine Talon apporte son soutien \u00e0 des personnes en situation d\u2019extr\u00eame vuln\u00e9rabilit\u00e9.<\/p>\t\t\t\t\t\t\t\t<\/div>\n\t\t\t\t<\/div>\n\t\t\t\t<div class=\"elementor-element elementor-element-6b92d03 elementor-widget elementor-widget-image\" data-id=\"6b92d03\" data-element_type=\"widget\" data-e-type=\"widget\" data-widget_type=\"image.default\">\n\t\t\t\t<div class=\"elementor-widget-container\">\n\t\t\t\t\t\t\t\t\t\t\t\t\t\t\t<img loading=\"lazy\" decoding=\"async\" width=\"768\" height=\"512\" src=\"https:\/\/fondationclaudinetalon.org\/wp-content\/uploads\/2026\/02\/Solidarite-768x512.jpg\" class=\"attachment-medium_large size-medium_large wp-image-11431\" alt=\"\" srcset=\"https:\/\/fondationclaudinetalon.org\/wp-content\/uploads\/2026\/02\/Solidarite-768x512.jpg 768w, https:\/\/fondationclaudinetalon.org\/wp-content\/uploads\/2026\/02\/Solidarite-300x200.jpg 300w, https:\/\/fondationclaudinetalon.org\/wp-content\/uploads\/2026\/02\/Solidarite-1024x683.jpg 1024w, https:\/\/fondationclaudinetalon.org\/wp-content\/uploads\/2026\/02\/Solidarite.jpg 1417w\" sizes=\"(max-width: 768px) 100vw, 768px\" \/>\t\t\t\t\t\t\t\t\t\t\t\t\t\t\t<\/div>\n\t\t\t\t<\/div>\n\t\t\t\t<\/div>\n\t\t\t\t<\/div>\n\t\t\t\t<\/div>\n\t\t\t\t<\/div>\n\t\t","protected":false},"excerpt":{"rendered":"<p>Apporter une r\u00e9ponse rapide et int\u00e9gr\u00e9e aux besoins prioritaires des femmes et des enfants vuln\u00e9rables au B\u00e9nin En savoir plus Dans les prochains jours La deuxi\u00e8me campagne de d\u00e9pistage et de traitement gratuits de la cataracte pour l\u2019ann\u00e9e 2026 d\u00e9marrera le 10 mars dans le Couffo, \u00e0 l\u2019H\u00f4pital de Zone d\u2019Aplahou\u00e9. En savoir plus \u00c0 [&hellip;]<\/p>\n","protected":false},"author":1,"featured_media":0,"parent":0,"menu_order":0,"comment_status":"closed","ping_status":"closed","template":"elementor_header_footer","meta":{"_monsterinsights_skip_tracking":false,"_monsterinsights_sitenote_active":false,"_monsterinsights_sitenote_note":"","_monsterinsights_sitenote_category":0,"footnotes":""},"class_list":["post-417","page","type-page","status-publish","hentry"],"_links":{"self":[{"href":"https:\/\/fondationclaudinetalon.org\/index.php\/wp-json\/wp\/v2\/pages\/417","targetHints":{"allow":["GET"]}}],"collection":[{"href":"https:\/\/fondationclaudinetalon.org\/index.php\/wp-json\/wp\/v2\/pages"}],"about":[{"href":"https:\/\/fondationclaudinetalon.org\/index.php\/wp-json\/wp\/v2\/types\/page"}],"author":[{"embeddable":true,"href":"https:\/\/fondationclaudinetalon.org\/index.php\/wp-json\/wp\/v2\/users\/1"}],"replies":[{"embeddable":true,"href":"https:\/\/fondationclaudinetalon.org\/index.php\/wp-json\/wp\/v2\/comments?post=417"}],"version-history":[{"count":715,"href":"https:\/\/fondationclaudinetalon.org\/index.php\/wp-json\/wp\/v2\/pages\/417\/revisions"}],"predecessor-version":[{"id":12052,"href":"https:\/\/fondationclaudinetalon.org\/index.php\/wp-json\/wp\/v2\/pages\/417\/revisions\/12052"}],"wp:attachment":[{"href":"https:\/\/fondationclaudinetalon.org\/index.php\/wp-json\/wp\/v2\/media?parent=417"}],"curies":[{"name":"wp","href":"https:\/\/api.w.org\/{rel}","templated":true}]}}