{"id":1658,"date":"2020-06-12T10:12:58","date_gmt":"2020-06-12T08:12:58","guid":{"rendered":"https:\/\/fondationclaudinetalon.org\/?page_id=1658"},"modified":"2024-03-29T14:21:44","modified_gmt":"2024-03-29T13:21:44","slug":"construction-douvrages-hydrauliques","status":"publish","type":"page","link":"https:\/\/fondationclaudinetalon.org\/index.php\/construction-douvrages-hydrauliques\/","title":{"rendered":"[WASH] &#8211; Construction d&rsquo;ouvrages hydrauliques"},"content":{"rendered":"\t\t<div data-elementor-type=\"wp-page\" data-elementor-id=\"1658\" class=\"elementor elementor-1658\">\n\t\t\t\t\t\t<section class=\"elementor-section elementor-top-section elementor-element elementor-element-87541cb elementor-section-boxed elementor-section-height-default elementor-section-height-default\" data-id=\"87541cb\" data-element_type=\"section\" data-e-type=\"section\" data-settings=\"{&quot;background_background&quot;:&quot;classic&quot;}\">\n\t\t\t\t\t\t\t<div class=\"elementor-background-overlay\"><\/div>\n\t\t\t\t\t\t\t<div class=\"elementor-container elementor-column-gap-default\">\n\t\t\t\t\t<div class=\"elementor-column elementor-col-50 elementor-top-column elementor-element elementor-element-fa7d688\" data-id=\"fa7d688\" data-element_type=\"column\" data-e-type=\"column\">\n\t\t\t<div class=\"elementor-widget-wrap\">\n\t\t\t\t\t\t\t<\/div>\n\t\t<\/div>\n\t\t\t\t<div class=\"elementor-column elementor-col-50 elementor-top-column elementor-element elementor-element-e2e5986\" data-id=\"e2e5986\" data-element_type=\"column\" data-e-type=\"column\">\n\t\t\t<div class=\"elementor-widget-wrap elementor-element-populated\">\n\t\t\t\t\t\t<div class=\"elementor-element elementor-element-cf742e7 elementor-widget elementor-widget-heading\" data-id=\"cf742e7\" data-element_type=\"widget\" data-e-type=\"widget\" data-widget_type=\"heading.default\">\n\t\t\t\t<div class=\"elementor-widget-container\">\n\t\t\t\t\t<h2 class=\"elementor-heading-title elementor-size-default\">WASH<\/h2>\t\t\t\t<\/div>\n\t\t\t\t<\/div>\n\t\t\t\t<div class=\"elementor-element elementor-element-e695b79 elementor-widget elementor-widget-heading\" data-id=\"e695b79\" data-element_type=\"widget\" data-e-type=\"widget\" data-widget_type=\"heading.default\">\n\t\t\t\t<div class=\"elementor-widget-container\">\n\t\t\t\t\t<h2 class=\"elementor-heading-title elementor-size-default\">Construction d'ouvrages hydrauliques<\/h2>\t\t\t\t<\/div>\n\t\t\t\t<\/div>\n\t\t\t\t<div class=\"elementor-element elementor-element-cdc409c elementor-widget elementor-widget-spacer\" data-id=\"cdc409c\" data-element_type=\"widget\" data-e-type=\"widget\" data-widget_type=\"spacer.default\">\n\t\t\t\t<div class=\"elementor-widget-container\">\n\t\t\t\t\t\t\t<div class=\"elementor-spacer\">\n\t\t\t<div class=\"elementor-spacer-inner\"><\/div>\n\t\t<\/div>\n\t\t\t\t\t\t<\/div>\n\t\t\t\t<\/div>\n\t\t\t\t\t<\/div>\n\t\t<\/div>\n\t\t\t\t\t<\/div>\n\t\t<\/section>\n\t\t\t\t<section class=\"elementor-section elementor-top-section elementor-element elementor-element-351214a elementor-section-boxed elementor-section-height-default elementor-section-height-default\" data-id=\"351214a\" data-element_type=\"section\" data-e-type=\"section\">\n\t\t\t\t\t\t<div class=\"elementor-container elementor-column-gap-default\">\n\t\t\t\t\t<div class=\"elementor-column elementor-col-100 elementor-top-column elementor-element elementor-element-373543d\" data-id=\"373543d\" data-element_type=\"column\" data-e-type=\"column\">\n\t\t\t<div class=\"elementor-widget-wrap elementor-element-populated\">\n\t\t\t\t\t\t<div class=\"elementor-element elementor-element-f4ac99e elementor-widget elementor-widget-spacer\" data-id=\"f4ac99e\" data-element_type=\"widget\" data-e-type=\"widget\" data-widget_type=\"spacer.default\">\n\t\t\t\t<div class=\"elementor-widget-container\">\n\t\t\t\t\t\t\t<div class=\"elementor-spacer\">\n\t\t\t<div class=\"elementor-spacer-inner\"><\/div>\n\t\t<\/div>\n\t\t\t\t\t\t<\/div>\n\t\t\t\t<\/div>\n\t\t\t\t<div class=\"elementor-element elementor-element-81b8de8 elementor-widget elementor-widget-heading\" data-id=\"81b8de8\" data-element_type=\"widget\" data-e-type=\"widget\" data-widget_type=\"heading.default\">\n\t\t\t\t<div class=\"elementor-widget-container\">\n\t\t\t\t\t<h2 class=\"elementor-heading-title elementor-size-default\">Constat<\/h2>\t\t\t\t<\/div>\n\t\t\t\t<\/div>\n\t\t\t\t<div class=\"elementor-element elementor-element-79d57c1 elementor-widget-divider--view-line elementor-widget elementor-widget-divider\" data-id=\"79d57c1\" data-element_type=\"widget\" data-e-type=\"widget\" data-widget_type=\"divider.default\">\n\t\t\t\t<div class=\"elementor-widget-container\">\n\t\t\t\t\t\t\t<div class=\"elementor-divider\">\n\t\t\t<span class=\"elementor-divider-separator\">\n\t\t\t\t\t\t<\/span>\n\t\t<\/div>\n\t\t\t\t\t\t<\/div>\n\t\t\t\t<\/div>\n\t\t\t\t<section class=\"elementor-section elementor-inner-section elementor-element elementor-element-840bb8f elementor-section-boxed elementor-section-height-default elementor-section-height-default\" data-id=\"840bb8f\" data-element_type=\"section\" data-e-type=\"section\">\n\t\t\t\t\t\t<div class=\"elementor-container elementor-column-gap-default\">\n\t\t\t\t\t<div class=\"elementor-column elementor-col-100 elementor-inner-column elementor-element elementor-element-4c74e16\" data-id=\"4c74e16\" data-element_type=\"column\" data-e-type=\"column\">\n\t\t\t<div class=\"elementor-widget-wrap elementor-element-populated\">\n\t\t\t\t\t\t<div class=\"elementor-element elementor-element-665d715 elementor-widget elementor-widget-text-editor\" data-id=\"665d715\" data-element_type=\"widget\" data-e-type=\"widget\" data-widget_type=\"text-editor.default\">\n\t\t\t\t<div class=\"elementor-widget-container\">\n\t\t\t\t\t\t\t\t\t<p>De nombreuses populations ont encore un acc\u00e8s limit\u00e9 \u00e0 l&rsquo;eau potable aujourd&rsquo;hui au B\u00e9nin, essentiel pour une vie digne.<\/p>\n<p><\/p>\t\t\t\t\t\t\t\t<\/div>\n\t\t\t\t<\/div>\n\t\t\t\t\t<\/div>\n\t\t<\/div>\n\t\t\t\t\t<\/div>\n\t\t<\/section>\n\t\t\t\t\t<\/div>\n\t\t<\/div>\n\t\t\t\t\t<\/div>\n\t\t<\/section>\n\t\t\t\t<section class=\"elementor-section elementor-top-section elementor-element elementor-element-5847084 elementor-section-boxed elementor-section-height-default elementor-section-height-default\" data-id=\"5847084\" data-element_type=\"section\" data-e-type=\"section\">\n\t\t\t\t\t\t<div class=\"elementor-container elementor-column-gap-default\">\n\t\t\t\t\t<div class=\"elementor-column elementor-col-100 elementor-top-column elementor-element elementor-element-85a084e\" data-id=\"85a084e\" data-element_type=\"column\" data-e-type=\"column\">\n\t\t\t<div class=\"elementor-widget-wrap elementor-element-populated\">\n\t\t\t\t\t\t<div class=\"elementor-element elementor-element-215438e elementor-widget elementor-widget-image\" data-id=\"215438e\" data-element_type=\"widget\" data-e-type=\"widget\" data-widget_type=\"image.default\">\n\t\t\t\t<div class=\"elementor-widget-container\">\n\t\t\t\t\t\t\t\t\t\t\t\t\t\t\t<img fetchpriority=\"high\" decoding=\"async\" width=\"1536\" height=\"1022\" src=\"https:\/\/fondationclaudinetalon.org\/wp-content\/uploads\/2024\/02\/Construction-douvrages-hydrauliques_Avril-2022_Afrikafun_BD6-1536x1022.jpg\" class=\"attachment-1536x1536 size-1536x1536 wp-image-10009\" alt=\"\" srcset=\"https:\/\/fondationclaudinetalon.org\/wp-content\/uploads\/2024\/02\/Construction-douvrages-hydrauliques_Avril-2022_Afrikafun_BD6-1536x1022.jpg 1536w, https:\/\/fondationclaudinetalon.org\/wp-content\/uploads\/2024\/02\/Construction-douvrages-hydrauliques_Avril-2022_Afrikafun_BD6-300x200.jpg 300w, https:\/\/fondationclaudinetalon.org\/wp-content\/uploads\/2024\/02\/Construction-douvrages-hydrauliques_Avril-2022_Afrikafun_BD6-1024x682.jpg 1024w, https:\/\/fondationclaudinetalon.org\/wp-content\/uploads\/2024\/02\/Construction-douvrages-hydrauliques_Avril-2022_Afrikafun_BD6-768x511.jpg 768w, https:\/\/fondationclaudinetalon.org\/wp-content\/uploads\/2024\/02\/Construction-douvrages-hydrauliques_Avril-2022_Afrikafun_BD6.jpg 1920w\" sizes=\"(max-width: 1536px) 100vw, 1536px\" \/>\t\t\t\t\t\t\t\t\t\t\t\t\t\t\t<\/div>\n\t\t\t\t<\/div>\n\t\t\t\t\t<\/div>\n\t\t<\/div>\n\t\t\t\t\t<\/div>\n\t\t<\/section>\n\t\t\t\t<section class=\"elementor-section elementor-top-section elementor-element elementor-element-48c97a6 elementor-section-boxed elementor-section-height-default elementor-section-height-default\" data-id=\"48c97a6\" data-element_type=\"section\" data-e-type=\"section\">\n\t\t\t\t\t\t<div class=\"elementor-container elementor-column-gap-default\">\n\t\t\t\t\t<div class=\"elementor-column elementor-col-100 elementor-top-column elementor-element elementor-element-2967c04\" data-id=\"2967c04\" data-element_type=\"column\" data-e-type=\"column\">\n\t\t\t<div class=\"elementor-widget-wrap elementor-element-populated\">\n\t\t\t\t\t\t<div class=\"elementor-element elementor-element-e00d450 elementor-widget elementor-widget-spacer\" data-id=\"e00d450\" data-element_type=\"widget\" data-e-type=\"widget\" data-widget_type=\"spacer.default\">\n\t\t\t\t<div class=\"elementor-widget-container\">\n\t\t\t\t\t\t\t<div class=\"elementor-spacer\">\n\t\t\t<div class=\"elementor-spacer-inner\"><\/div>\n\t\t<\/div>\n\t\t\t\t\t\t<\/div>\n\t\t\t\t<\/div>\n\t\t\t\t\t<\/div>\n\t\t<\/div>\n\t\t\t\t\t<\/div>\n\t\t<\/section>\n\t\t\t\t<section class=\"elementor-section elementor-top-section elementor-element elementor-element-1d09d3a elementor-section-boxed elementor-section-height-default elementor-section-height-default\" data-id=\"1d09d3a\" data-element_type=\"section\" data-e-type=\"section\" data-settings=\"{&quot;background_background&quot;:&quot;classic&quot;}\">\n\t\t\t\t\t\t<div class=\"elementor-container elementor-column-gap-default\">\n\t\t\t\t\t<div class=\"elementor-column elementor-col-100 elementor-top-column elementor-element elementor-element-4e90913\" data-id=\"4e90913\" data-element_type=\"column\" data-e-type=\"column\">\n\t\t\t<div class=\"elementor-widget-wrap elementor-element-populated\">\n\t\t\t\t\t\t<div class=\"elementor-element elementor-element-113e01b elementor-widget elementor-widget-heading\" data-id=\"113e01b\" data-element_type=\"widget\" data-e-type=\"widget\" data-widget_type=\"heading.default\">\n\t\t\t\t<div class=\"elementor-widget-container\">\n\t\t\t\t\t<h2 class=\"elementor-heading-title elementor-size-default\">Approvisionnement en eau potable<\/h2>\t\t\t\t<\/div>\n\t\t\t\t<\/div>\n\t\t\t\t<div class=\"elementor-element elementor-element-190f1b5 elementor-widget-divider--view-line elementor-widget elementor-widget-divider\" data-id=\"190f1b5\" data-element_type=\"widget\" data-e-type=\"widget\" data-widget_type=\"divider.default\">\n\t\t\t\t<div class=\"elementor-widget-container\">\n\t\t\t\t\t\t\t<div class=\"elementor-divider\">\n\t\t\t<span class=\"elementor-divider-separator\">\n\t\t\t\t\t\t<\/span>\n\t\t<\/div>\n\t\t\t\t\t\t<\/div>\n\t\t\t\t<\/div>\n\t\t\t\t<section class=\"elementor-section elementor-inner-section elementor-element elementor-element-3ec45de elementor-section-boxed elementor-section-height-default elementor-section-height-default\" data-id=\"3ec45de\" data-element_type=\"section\" data-e-type=\"section\" data-settings=\"{&quot;background_background&quot;:&quot;classic&quot;}\">\n\t\t\t\t\t\t<div class=\"elementor-container elementor-column-gap-default\">\n\t\t\t\t\t<div class=\"elementor-column elementor-col-100 elementor-inner-column elementor-element elementor-element-06029d7\" data-id=\"06029d7\" data-element_type=\"column\" data-e-type=\"column\" data-settings=\"{&quot;background_background&quot;:&quot;classic&quot;}\">\n\t\t\t<div class=\"elementor-widget-wrap elementor-element-populated\">\n\t\t\t\t\t\t<div class=\"elementor-element elementor-element-ccb487e elementor-widget elementor-widget-spacer\" data-id=\"ccb487e\" data-element_type=\"widget\" data-e-type=\"widget\" data-widget_type=\"spacer.default\">\n\t\t\t\t<div class=\"elementor-widget-container\">\n\t\t\t\t\t\t\t<div class=\"elementor-spacer\">\n\t\t\t<div class=\"elementor-spacer-inner\"><\/div>\n\t\t<\/div>\n\t\t\t\t\t\t<\/div>\n\t\t\t\t<\/div>\n\t\t\t\t<div class=\"elementor-element elementor-element-08c2e7c elementor-widget elementor-widget-text-editor\" data-id=\"08c2e7c\" data-element_type=\"widget\" data-e-type=\"widget\" data-widget_type=\"text-editor.default\">\n\t\t\t\t<div class=\"elementor-widget-container\">\n\t\t\t\t\t\t\t\t\t<p><span style=\"font-family: var( --e-global-typography-text-font-family ); font-size: 1rem;\">Les cantines scolaires permettent non seulement d&rsquo;<\/span><span style=\"font-family: var( --e-global-typography-text-font-family ); font-size: 1rem;\">assurer une bonne alimentation aux enfants mais aussi d&rsquo;<\/span><span style=\"font-family: var( --e-global-typography-text-font-family ); font-size: 1rem;\">am\u00e9liorer la scolarisation et l\u2019assiduit\u00e9, et ainsi les r\u00e9sultats scolaires.\u00a0<\/span><\/p><p><span style=\"font-family: var( --e-global-typography-text-font-family ); font-size: 1rem;\">Pour r\u00e9soudre la non-disponibilit\u00e9 d&rsquo;eau potable\u00a0<\/span><span style=\"font-family: var( --e-global-typography-text-font-family ); font-size: 1rem;\">dans certaines \u00e9coles \u00e0 cantine, l<\/span><span style=\"font-family: var( --e-global-typography-text-font-family ); font-size: 1rem;\">a Fondation Claudine Talon a install\u00e9 des syst\u00e8mes d\u2019alimentation ad\u00e9quats pouvant assurer une disponibilit\u00e9 permanente en eau potable.\u00a0<\/span><\/p><p>Ainsi, quinze ouvrages d\u2019approvisionnement en eau potable ont \u00e9t\u00e9 r\u00e9alis\u00e9s. Un volet<span style=\"font-family: var( --e-global-typography-text-font-family ); font-size: 1rem;\">\u00a0\u00ab protection de l\u2019environnement \u00bb a \u00e9t\u00e9 int\u00e9gr\u00e9 \u00e0 travers :<\/span><\/p><ul><li>la mise en terre d\u2019arbres \u00e0 croissance rapide ;<\/li><li>la lutte contre l\u2019insalubrit\u00e9 gr\u00e2ce \u00e0 la fourniture de bacs \u00e0 ordures.<\/li><\/ul><p>La Fondation Claudine Talon s\u2019att\u00e8le \u00e9galement \u00e0 ce que les populations des zones rurales ou mal desservies en eau potable puissent y avoir acc\u00e8s.<\/p><p dir=\"ltr\">Ainsi, la Fondation Claudine Talon a r\u00e9alis\u00e9 ou r\u00e9habilit\u00e9 des PEA dans p<span style=\"font-family: var( --e-global-typography-text-font-family ); font-size: 1rem;\">lusieurs localit\u00e9s<\/span><span style=\"font-family: var( --e-global-typography-text-font-family ); font-size: 1rem;\">. Ceux-ci\u00a0approvisionnent en eau des lieux tels que des centres de sant\u00e9, des \u00e9coles et des orphelinats.<\/span><\/p>\t\t\t\t\t\t\t\t<\/div>\n\t\t\t\t<\/div>\n\t\t\t\t\t<\/div>\n\t\t<\/div>\n\t\t\t\t\t<\/div>\n\t\t<\/section>\n\t\t\t\t\t<\/div>\n\t\t<\/div>\n\t\t\t\t\t<\/div>\n\t\t<\/section>\n\t\t\t\t<section class=\"elementor-section elementor-top-section elementor-element elementor-element-1bac7e7 elementor-section-boxed elementor-section-height-default elementor-section-height-default\" data-id=\"1bac7e7\" data-element_type=\"section\" data-e-type=\"section\">\n\t\t\t\t\t\t<div class=\"elementor-container elementor-column-gap-default\">\n\t\t\t\t\t<div class=\"elementor-column elementor-col-50 elementor-top-column elementor-element elementor-element-621600b\" data-id=\"621600b\" data-element_type=\"column\" data-e-type=\"column\">\n\t\t\t<div class=\"elementor-widget-wrap elementor-element-populated\">\n\t\t\t\t\t\t<div class=\"elementor-element elementor-element-e83ed32 elementor-widget elementor-widget-image\" data-id=\"e83ed32\" data-element_type=\"widget\" data-e-type=\"widget\" data-widget_type=\"image.default\">\n\t\t\t\t<div class=\"elementor-widget-container\">\n\t\t\t\t\t\t\t\t\t\t\t\t\t\t\t<img decoding=\"async\" width=\"1024\" height=\"682\" src=\"https:\/\/fondationclaudinetalon.org\/wp-content\/uploads\/2024\/02\/Construction-douvrages-hydrauliques_Mai-2022_Afrikafun_BD48-1024x682.jpg\" class=\"attachment-large size-large wp-image-10010\" alt=\"\" srcset=\"https:\/\/fondationclaudinetalon.org\/wp-content\/uploads\/2024\/02\/Construction-douvrages-hydrauliques_Mai-2022_Afrikafun_BD48-1024x682.jpg 1024w, https:\/\/fondationclaudinetalon.org\/wp-content\/uploads\/2024\/02\/Construction-douvrages-hydrauliques_Mai-2022_Afrikafun_BD48-300x200.jpg 300w, https:\/\/fondationclaudinetalon.org\/wp-content\/uploads\/2024\/02\/Construction-douvrages-hydrauliques_Mai-2022_Afrikafun_BD48-768x511.jpg 768w, https:\/\/fondationclaudinetalon.org\/wp-content\/uploads\/2024\/02\/Construction-douvrages-hydrauliques_Mai-2022_Afrikafun_BD48-1536x1022.jpg 1536w, https:\/\/fondationclaudinetalon.org\/wp-content\/uploads\/2024\/02\/Construction-douvrages-hydrauliques_Mai-2022_Afrikafun_BD48.jpg 1920w\" sizes=\"(max-width: 1024px) 100vw, 1024px\" \/>\t\t\t\t\t\t\t\t\t\t\t\t\t\t\t<\/div>\n\t\t\t\t<\/div>\n\t\t\t\t\t<\/div>\n\t\t<\/div>\n\t\t\t\t<div class=\"elementor-column elementor-col-50 elementor-top-column elementor-element elementor-element-16fe733\" data-id=\"16fe733\" data-element_type=\"column\" data-e-type=\"column\">\n\t\t\t<div class=\"elementor-widget-wrap elementor-element-populated\">\n\t\t\t\t\t\t<div class=\"elementor-element elementor-element-c96b3a6 elementor-widget elementor-widget-image\" data-id=\"c96b3a6\" data-element_type=\"widget\" data-e-type=\"widget\" data-widget_type=\"image.default\">\n\t\t\t\t<div class=\"elementor-widget-container\">\n\t\t\t\t\t\t\t\t\t\t\t\t\t\t\t<img decoding=\"async\" width=\"1024\" height=\"682\" src=\"https:\/\/fondationclaudinetalon.org\/wp-content\/uploads\/2024\/02\/Construction-douvrages-hydrauliques_Mai-2022_Afrikafun_BD1-1024x682.jpg\" class=\"attachment-large size-large wp-image-10011\" alt=\"\" srcset=\"https:\/\/fondationclaudinetalon.org\/wp-content\/uploads\/2024\/02\/Construction-douvrages-hydrauliques_Mai-2022_Afrikafun_BD1-1024x682.jpg 1024w, https:\/\/fondationclaudinetalon.org\/wp-content\/uploads\/2024\/02\/Construction-douvrages-hydrauliques_Mai-2022_Afrikafun_BD1-300x200.jpg 300w, https:\/\/fondationclaudinetalon.org\/wp-content\/uploads\/2024\/02\/Construction-douvrages-hydrauliques_Mai-2022_Afrikafun_BD1-768x511.jpg 768w, https:\/\/fondationclaudinetalon.org\/wp-content\/uploads\/2024\/02\/Construction-douvrages-hydrauliques_Mai-2022_Afrikafun_BD1-1536x1022.jpg 1536w, https:\/\/fondationclaudinetalon.org\/wp-content\/uploads\/2024\/02\/Construction-douvrages-hydrauliques_Mai-2022_Afrikafun_BD1.jpg 1920w\" sizes=\"(max-width: 1024px) 100vw, 1024px\" \/>\t\t\t\t\t\t\t\t\t\t\t\t\t\t\t<\/div>\n\t\t\t\t<\/div>\n\t\t\t\t\t<\/div>\n\t\t<\/div>\n\t\t\t\t\t<\/div>\n\t\t<\/section>\n\t\t\t\t<section class=\"elementor-section elementor-top-section elementor-element elementor-element-27f1942 elementor-section-boxed elementor-section-height-default elementor-section-height-default\" data-id=\"27f1942\" data-element_type=\"section\" data-e-type=\"section\">\n\t\t\t\t\t\t<div class=\"elementor-container elementor-column-gap-default\">\n\t\t\t\t\t<div class=\"elementor-column elementor-col-100 elementor-top-column elementor-element elementor-element-826bcb0\" data-id=\"826bcb0\" data-element_type=\"column\" data-e-type=\"column\">\n\t\t\t<div class=\"elementor-widget-wrap elementor-element-populated\">\n\t\t\t\t\t\t<div class=\"elementor-element elementor-element-d83a1ce elementor-widget elementor-widget-spacer\" data-id=\"d83a1ce\" data-element_type=\"widget\" data-e-type=\"widget\" data-widget_type=\"spacer.default\">\n\t\t\t\t<div class=\"elementor-widget-container\">\n\t\t\t\t\t\t\t<div class=\"elementor-spacer\">\n\t\t\t<div class=\"elementor-spacer-inner\"><\/div>\n\t\t<\/div>\n\t\t\t\t\t\t<\/div>\n\t\t\t\t<\/div>\n\t\t\t\t\t<\/div>\n\t\t<\/div>\n\t\t\t\t\t<\/div>\n\t\t<\/section>\n\t\t\t\t<section class=\"elementor-section elementor-top-section elementor-element elementor-element-1e3f808 elementor-section-boxed elementor-section-height-default elementor-section-height-default\" data-id=\"1e3f808\" data-element_type=\"section\" data-e-type=\"section\">\n\t\t\t\t\t\t<div class=\"elementor-container elementor-column-gap-default\">\n\t\t\t\t\t<div class=\"elementor-column elementor-col-100 elementor-top-column elementor-element elementor-element-ec79744\" data-id=\"ec79744\" data-element_type=\"column\" data-e-type=\"column\">\n\t\t\t<div class=\"elementor-widget-wrap elementor-element-populated\">\n\t\t\t\t\t\t<div class=\"elementor-element elementor-element-327bd0f elementor-widget elementor-widget-button\" data-id=\"327bd0f\" data-element_type=\"widget\" data-e-type=\"widget\" data-widget_type=\"button.default\">\n\t\t\t\t<div class=\"elementor-widget-container\">\n\t\t\t\t\t\t\t\t\t<div class=\"elementor-button-wrapper\">\n\t\t\t\t\t<a class=\"elementor-button elementor-button-link elementor-size-sm\" href=\"https:\/\/fondationclaudinetalon.org\/index.php\/le-blog\/\">\n\t\t\t\t\t\t<span class=\"elementor-button-content-wrapper\">\n\t\t\t\t\t\t\t\t\t<span class=\"elementor-button-text\">SUIVEZ NOS ACTUALIT\u00c9S<\/span>\n\t\t\t\t\t<\/span>\n\t\t\t\t\t<\/a>\n\t\t\t\t<\/div>\n\t\t\t\t\t\t\t\t<\/div>\n\t\t\t\t<\/div>\n\t\t\t\t<div class=\"elementor-element elementor-element-0410fe3 elementor-align-left elementor-widget elementor-widget-button\" data-id=\"0410fe3\" data-element_type=\"widget\" data-e-type=\"widget\" data-widget_type=\"button.default\">\n\t\t\t\t<div class=\"elementor-widget-container\">\n\t\t\t\t\t\t\t\t\t<div class=\"elementor-button-wrapper\">\n\t\t\t\t\t<a class=\"elementor-button elementor-button-link elementor-size-sm\" href=\"https:\/\/fondationclaudinetalon.org\/index.php\/faq\/\">\n\t\t\t\t\t\t<span class=\"elementor-button-content-wrapper\">\n\t\t\t\t\t\t\t\t\t<span class=\"elementor-button-text\">CONSULTEZ NOTRE FAQ<\/span>\n\t\t\t\t\t<\/span>\n\t\t\t\t\t<\/a>\n\t\t\t\t<\/div>\n\t\t\t\t\t\t\t\t<\/div>\n\t\t\t\t<\/div>\n\t\t\t\t\t<\/div>\n\t\t<\/div>\n\t\t\t\t\t<\/div>\n\t\t<\/section>\n\t\t\t\t<\/div>\n\t\t","protected":false},"excerpt":{"rendered":"<p>WASH Construction d&rsquo;ouvrages hydrauliques Constat De nombreuses populations ont encore un acc\u00e8s limit\u00e9 \u00e0 l&rsquo;eau potable aujourd&rsquo;hui au B\u00e9nin, essentiel pour une vie digne. Approvisionnement en eau potable Les cantines scolaires permettent non seulement d&rsquo;assurer une bonne alimentation aux enfants mais aussi d&rsquo;am\u00e9liorer la scolarisation et l\u2019assiduit\u00e9, et ainsi les r\u00e9sultats scolaires.\u00a0 Pour r\u00e9soudre la [&hellip;]<\/p>\n","protected":false},"author":1,"featured_media":0,"parent":0,"menu_order":0,"comment_status":"closed","ping_status":"closed","template":"elementor_header_footer","meta":{"_monsterinsights_skip_tracking":false,"_monsterinsights_sitenote_active":false,"_monsterinsights_sitenote_note":"","_monsterinsights_sitenote_category":0,"footnotes":""},"class_list":["post-1658","page","type-page","status-publish","hentry"],"_links":{"self":[{"href":"https:\/\/fondationclaudinetalon.org\/index.php\/wp-json\/wp\/v2\/pages\/1658","targetHints":{"allow":["GET"]}}],"collection":[{"href":"https:\/\/fondationclaudinetalon.org\/index.php\/wp-json\/wp\/v2\/pages"}],"about":[{"href":"https:\/\/fondationclaudinetalon.org\/index.php\/wp-json\/wp\/v2\/types\/page"}],"author":[{"embeddable":true,"href":"https:\/\/fondationclaudinetalon.org\/index.php\/wp-json\/wp\/v2\/users\/1"}],"replies":[{"embeddable":true,"href":"https:\/\/fondationclaudinetalon.org\/index.php\/wp-json\/wp\/v2\/comments?post=1658"}],"version-history":[{"count":116,"href":"https:\/\/fondationclaudinetalon.org\/index.php\/wp-json\/wp\/v2\/pages\/1658\/revisions"}],"predecessor-version":[{"id":10206,"href":"https:\/\/fondationclaudinetalon.org\/index.php\/wp-json\/wp\/v2\/pages\/1658\/revisions\/10206"}],"wp:attachment":[{"href":"https:\/\/fondationclaudinetalon.org\/index.php\/wp-json\/wp\/v2\/media?parent=1658"}],"curies":[{"name":"wp","href":"https:\/\/api.w.org\/{rel}","templated":true}]}}