{"id":1350,"date":"2020-05-28T13:04:43","date_gmt":"2020-05-28T11:04:43","guid":{"rendered":"https:\/\/fondationclaudinetalon.org\/?page_id=1350"},"modified":"2020-09-30T11:16:09","modified_gmt":"2020-09-30T09:16:09","slug":"ganvie","status":"publish","type":"page","link":"https:\/\/fondationclaudinetalon.org\/index.php\/ganvie\/","title":{"rendered":"[SANT\u00c9] &#8211; Ganvi\u00e9 + &#8211; Construction d&rsquo;une maison de sant\u00e9 \u00e0 Ganvi\u00e9"},"content":{"rendered":"\t\t<div data-elementor-type=\"wp-page\" data-elementor-id=\"1350\" class=\"elementor elementor-1350\">\n\t\t\t\t\t\t<section class=\"elementor-section elementor-top-section elementor-element elementor-element-3a9ff55 elementor-section-boxed elementor-section-height-default elementor-section-height-default\" data-id=\"3a9ff55\" data-element_type=\"section\" data-e-type=\"section\">\n\t\t\t\t\t\t<div class=\"elementor-container elementor-column-gap-default\">\n\t\t\t\t\t<div class=\"elementor-column elementor-col-100 elementor-top-column elementor-element elementor-element-6cb1788\" data-id=\"6cb1788\" data-element_type=\"column\" data-e-type=\"column\">\n\t\t\t<div class=\"elementor-widget-wrap\">\n\t\t\t\t\t\t\t<\/div>\n\t\t<\/div>\n\t\t\t\t\t<\/div>\n\t\t<\/section>\n\t\t\t\t<section class=\"elementor-section elementor-top-section elementor-element elementor-element-e3acf96 elementor-section-boxed elementor-section-height-default elementor-section-height-default\" data-id=\"e3acf96\" data-element_type=\"section\" data-e-type=\"section\" data-settings=\"{&quot;background_background&quot;:&quot;classic&quot;}\">\n\t\t\t\t\t\t\t<div class=\"elementor-background-overlay\"><\/div>\n\t\t\t\t\t\t\t<div class=\"elementor-container elementor-column-gap-default\">\n\t\t\t\t\t<div class=\"elementor-column elementor-col-50 elementor-top-column elementor-element elementor-element-ab7e3d7\" data-id=\"ab7e3d7\" data-element_type=\"column\" data-e-type=\"column\">\n\t\t\t<div class=\"elementor-widget-wrap\">\n\t\t\t\t\t\t\t<\/div>\n\t\t<\/div>\n\t\t\t\t<div class=\"elementor-column elementor-col-50 elementor-top-column elementor-element elementor-element-067a8fb\" data-id=\"067a8fb\" data-element_type=\"column\" data-e-type=\"column\">\n\t\t\t<div class=\"elementor-widget-wrap elementor-element-populated\">\n\t\t\t\t\t\t<div class=\"elementor-element elementor-element-e90082c elementor-widget elementor-widget-spacer\" data-id=\"e90082c\" data-element_type=\"widget\" data-e-type=\"widget\" data-widget_type=\"spacer.default\">\n\t\t\t\t<div class=\"elementor-widget-container\">\n\t\t\t\t\t\t\t<div class=\"elementor-spacer\">\n\t\t\t<div class=\"elementor-spacer-inner\"><\/div>\n\t\t<\/div>\n\t\t\t\t\t\t<\/div>\n\t\t\t\t<\/div>\n\t\t\t\t<div class=\"elementor-element elementor-element-a7eaea8 animated-fast elementor-invisible elementor-widget elementor-widget-heading\" data-id=\"a7eaea8\" data-element_type=\"widget\" data-e-type=\"widget\" data-settings=\"{&quot;_animation&quot;:&quot;fadeIn&quot;,&quot;_animation_delay&quot;:500}\" data-widget_type=\"heading.default\">\n\t\t\t\t<div class=\"elementor-widget-container\">\n\t\t\t\t\t<h2 class=\"elementor-heading-title elementor-size-default\">SANT\u00c9<\/h2>\t\t\t\t<\/div>\n\t\t\t\t<\/div>\n\t\t\t\t<div class=\"elementor-element elementor-element-8e76785 animated-fast elementor-invisible elementor-widget elementor-widget-heading\" data-id=\"8e76785\" data-element_type=\"widget\" data-e-type=\"widget\" data-settings=\"{&quot;_animation&quot;:&quot;fadeInDown&quot;,&quot;_animation_delay&quot;:500}\" data-widget_type=\"heading.default\">\n\t\t\t\t<div class=\"elementor-widget-container\">\n\t\t\t\t\t<h2 class=\"elementor-heading-title elementor-size-default\"><span data-elementor-setting-key=\"title\" data-pen-placeholder=\"\u00c9crivez ici...\" style=\"font-size: 58px;line-height: 1em\">Ganvi\u00e9+ : Construction \nd'une maison de sant\u00e9 \u00e0 Ganvi\u00e9<\/span> <\/h2>\t\t\t\t<\/div>\n\t\t\t\t<\/div>\n\t\t\t\t<section class=\"elementor-section elementor-inner-section elementor-element elementor-element-e50ce79 elementor-section-boxed elementor-section-height-default elementor-section-height-default\" data-id=\"e50ce79\" data-element_type=\"section\" data-e-type=\"section\">\n\t\t\t\t\t\t<div class=\"elementor-container elementor-column-gap-default\">\n\t\t\t\t\t<div class=\"elementor-column elementor-col-66 elementor-inner-column elementor-element elementor-element-79e00a2\" data-id=\"79e00a2\" data-element_type=\"column\" data-e-type=\"column\">\n\t\t\t<div class=\"elementor-widget-wrap elementor-element-populated\">\n\t\t\t\t\t\t<div class=\"elementor-element elementor-element-c72efa1 elementor-widget elementor-widget-spacer\" data-id=\"c72efa1\" data-element_type=\"widget\" data-e-type=\"widget\" data-widget_type=\"spacer.default\">\n\t\t\t\t<div class=\"elementor-widget-container\">\n\t\t\t\t\t\t\t<div class=\"elementor-spacer\">\n\t\t\t<div class=\"elementor-spacer-inner\"><\/div>\n\t\t<\/div>\n\t\t\t\t\t\t<\/div>\n\t\t\t\t<\/div>\n\t\t\t\t\t<\/div>\n\t\t<\/div>\n\t\t\t\t<div class=\"elementor-column elementor-col-33 elementor-inner-column elementor-element elementor-element-0b6eaaf\" data-id=\"0b6eaaf\" data-element_type=\"column\" data-e-type=\"column\">\n\t\t\t<div class=\"elementor-widget-wrap\">\n\t\t\t\t\t\t\t<\/div>\n\t\t<\/div>\n\t\t\t\t\t<\/div>\n\t\t<\/section>\n\t\t\t\t\t<\/div>\n\t\t<\/div>\n\t\t\t\t\t<\/div>\n\t\t<\/section>\n\t\t\t\t<section class=\"elementor-section elementor-top-section elementor-element elementor-element-890f068 elementor-section-boxed elementor-section-height-default elementor-section-height-default\" data-id=\"890f068\" data-element_type=\"section\" data-e-type=\"section\">\n\t\t\t\t\t\t<div class=\"elementor-container elementor-column-gap-default\">\n\t\t\t\t\t<div class=\"elementor-column elementor-col-100 elementor-top-column elementor-element elementor-element-0ffa54a\" data-id=\"0ffa54a\" data-element_type=\"column\" data-e-type=\"column\">\n\t\t\t<div class=\"elementor-widget-wrap elementor-element-populated\">\n\t\t\t\t\t\t<div class=\"elementor-element elementor-element-88230e1 elementor-widget elementor-widget-spacer\" data-id=\"88230e1\" data-element_type=\"widget\" data-e-type=\"widget\" data-widget_type=\"spacer.default\">\n\t\t\t\t<div class=\"elementor-widget-container\">\n\t\t\t\t\t\t\t<div class=\"elementor-spacer\">\n\t\t\t<div class=\"elementor-spacer-inner\"><\/div>\n\t\t<\/div>\n\t\t\t\t\t\t<\/div>\n\t\t\t\t<\/div>\n\t\t\t\t\t<\/div>\n\t\t<\/div>\n\t\t\t\t\t<\/div>\n\t\t<\/section>\n\t\t\t\t<section class=\"elementor-section elementor-top-section elementor-element elementor-element-cd990ba elementor-section-boxed elementor-section-height-default elementor-section-height-default\" data-id=\"cd990ba\" data-element_type=\"section\" data-e-type=\"section\">\n\t\t\t\t\t\t<div class=\"elementor-container elementor-column-gap-default\">\n\t\t\t\t\t<div class=\"elementor-column elementor-col-100 elementor-top-column elementor-element elementor-element-f6b6755\" data-id=\"f6b6755\" data-element_type=\"column\" data-e-type=\"column\">\n\t\t\t<div class=\"elementor-widget-wrap elementor-element-populated\">\n\t\t\t\t\t\t<div class=\"elementor-element elementor-element-e4e9a1b elementor-widget elementor-widget-heading\" data-id=\"e4e9a1b\" data-element_type=\"widget\" data-e-type=\"widget\" data-widget_type=\"heading.default\">\n\t\t\t\t<div class=\"elementor-widget-container\">\n\t\t\t\t\t<h2 class=\"elementor-heading-title elementor-size-default\"><b>Contexte et justification<\/b><\/h2>\t\t\t\t<\/div>\n\t\t\t\t<\/div>\n\t\t\t\t<div class=\"elementor-element elementor-element-7439dec elementor-widget-divider--view-line elementor-widget elementor-widget-divider\" data-id=\"7439dec\" data-element_type=\"widget\" data-e-type=\"widget\" data-widget_type=\"divider.default\">\n\t\t\t\t<div class=\"elementor-widget-container\">\n\t\t\t\t\t\t\t<div class=\"elementor-divider\">\n\t\t\t<span class=\"elementor-divider-separator\">\n\t\t\t\t\t\t<\/span>\n\t\t<\/div>\n\t\t\t\t\t\t<\/div>\n\t\t\t\t<\/div>\n\t\t\t\t<section class=\"elementor-section elementor-inner-section elementor-element elementor-element-df2b0c9 elementor-section-boxed elementor-section-height-default elementor-section-height-default\" data-id=\"df2b0c9\" data-element_type=\"section\" data-e-type=\"section\">\n\t\t\t\t\t\t<div class=\"elementor-container elementor-column-gap-default\">\n\t\t\t\t\t<div class=\"elementor-column elementor-col-66 elementor-inner-column elementor-element elementor-element-704365b\" data-id=\"704365b\" data-element_type=\"column\" data-e-type=\"column\">\n\t\t\t<div class=\"elementor-widget-wrap elementor-element-populated\">\n\t\t\t\t\t\t<div class=\"elementor-element elementor-element-7eb32ba elementor-widget elementor-widget-text-editor\" data-id=\"7eb32ba\" data-element_type=\"widget\" data-e-type=\"widget\" data-widget_type=\"text-editor.default\">\n\t\t\t\t<div class=\"elementor-widget-container\">\n\t\t\t\t\t\t\t\t\t<p>En avril 2019, dans le cadre de sa cha\u00eene de solidarit\u00e9, la Fondation Claudine Talon a lanc\u00e9 un appel aux dons pour financer le projet Ganvi\u00e9+. Ganvi\u00e9+ comprend la construction, l\u2019am\u00e9nagement et l\u2019\u00e9quipement d\u2019un centre de sant\u00e9 de r\u00e9f\u00e9rence dans la cit\u00e9 lacustre de Ganvi\u00e9, et inclut la r\u00e9novation du centre de sant\u00e9 public d\u00e9j\u00e0 existant.<\/p><p>En effet, pour une population d\u2019environ 35.000 habitants dont 18.000 femmes, Ganvi\u00e9 ne dispose que d\u2019un seul centre de sant\u00e9 public. Son \u00e9tat ne permet pas de dispenser, ni en qualit\u00e9 ni en suffisance les soins d\u2019urgence ou les soins de sant\u00e9 primaire, maternelle et infantile. Avec un taux de natalit\u00e9 des plus \u00e9lev\u00e9s dans le Sud du B\u00e9nin, le taux de fr\u00e9quentation des centres de sant\u00e9 publics ou priv\u00e9s de Ganvi\u00e9 est parmi les plus faibles du pays.<\/p>\t\t\t\t\t\t\t\t<\/div>\n\t\t\t\t<\/div>\n\t\t\t\t\t<\/div>\n\t\t<\/div>\n\t\t\t\t<div class=\"elementor-column elementor-col-33 elementor-inner-column elementor-element elementor-element-e2c807d\" data-id=\"e2c807d\" data-element_type=\"column\" data-e-type=\"column\">\n\t\t\t<div class=\"elementor-widget-wrap elementor-element-populated\">\n\t\t\t\t\t\t<div class=\"elementor-element elementor-element-df56c55 elementor-widget elementor-widget-image\" data-id=\"df56c55\" data-element_type=\"widget\" data-e-type=\"widget\" data-widget_type=\"image.default\">\n\t\t\t\t<div class=\"elementor-widget-container\">\n\t\t\t\t\t\t\t\t\t\t\t\t\t\t\t<img fetchpriority=\"high\" decoding=\"async\" width=\"1024\" height=\"724\" src=\"https:\/\/fondationclaudinetalon.org\/wp-content\/uploads\/2020\/07\/Copy-of-Copy-of-La-Fondation-Claudine-Talon-lutte-contre-le-COVID-19-1024x724.png\" class=\"attachment-large size-large wp-image-2194\" alt=\"\" srcset=\"https:\/\/fondationclaudinetalon.org\/wp-content\/uploads\/2020\/07\/Copy-of-Copy-of-La-Fondation-Claudine-Talon-lutte-contre-le-COVID-19-1024x724.png 1024w, https:\/\/fondationclaudinetalon.org\/wp-content\/uploads\/2020\/07\/Copy-of-Copy-of-La-Fondation-Claudine-Talon-lutte-contre-le-COVID-19-300x212.png 300w, https:\/\/fondationclaudinetalon.org\/wp-content\/uploads\/2020\/07\/Copy-of-Copy-of-La-Fondation-Claudine-Talon-lutte-contre-le-COVID-19-768x543.png 768w, https:\/\/fondationclaudinetalon.org\/wp-content\/uploads\/2020\/07\/Copy-of-Copy-of-La-Fondation-Claudine-Talon-lutte-contre-le-COVID-19-1536x1086.png 1536w, https:\/\/fondationclaudinetalon.org\/wp-content\/uploads\/2020\/07\/Copy-of-Copy-of-La-Fondation-Claudine-Talon-lutte-contre-le-COVID-19.png 2000w\" sizes=\"(max-width: 1024px) 100vw, 1024px\" \/>\t\t\t\t\t\t\t\t\t\t\t\t\t\t\t<\/div>\n\t\t\t\t<\/div>\n\t\t\t\t\t<\/div>\n\t\t<\/div>\n\t\t\t\t\t<\/div>\n\t\t<\/section>\n\t\t\t\t<div class=\"elementor-element elementor-element-75dfa72 elementor-widget elementor-widget-spacer\" data-id=\"75dfa72\" data-element_type=\"widget\" data-e-type=\"widget\" data-widget_type=\"spacer.default\">\n\t\t\t\t<div class=\"elementor-widget-container\">\n\t\t\t\t\t\t\t<div class=\"elementor-spacer\">\n\t\t\t<div class=\"elementor-spacer-inner\"><\/div>\n\t\t<\/div>\n\t\t\t\t\t\t<\/div>\n\t\t\t\t<\/div>\n\t\t\t\t\t<\/div>\n\t\t<\/div>\n\t\t\t\t\t<\/div>\n\t\t<\/section>\n\t\t\t\t<section class=\"elementor-section elementor-top-section elementor-element elementor-element-15e1d66 elementor-section-boxed elementor-section-height-default elementor-section-height-default\" data-id=\"15e1d66\" data-element_type=\"section\" data-e-type=\"section\">\n\t\t\t\t\t\t<div class=\"elementor-container elementor-column-gap-default\">\n\t\t\t\t\t<div class=\"elementor-column elementor-col-100 elementor-top-column elementor-element elementor-element-7ee6cf5\" data-id=\"7ee6cf5\" data-element_type=\"column\" data-e-type=\"column\">\n\t\t\t<div class=\"elementor-widget-wrap elementor-element-populated\">\n\t\t\t\t\t\t<section class=\"elementor-section elementor-inner-section elementor-element elementor-element-d7c8ef7 elementor-section-boxed elementor-section-height-default elementor-section-height-default\" data-id=\"d7c8ef7\" data-element_type=\"section\" data-e-type=\"section\" data-settings=\"{&quot;background_background&quot;:&quot;classic&quot;}\">\n\t\t\t\t\t\t<div class=\"elementor-container elementor-column-gap-default\">\n\t\t\t\t\t<div class=\"elementor-column elementor-col-100 elementor-inner-column elementor-element elementor-element-e7489c9\" data-id=\"e7489c9\" data-element_type=\"column\" data-e-type=\"column\">\n\t\t\t<div class=\"elementor-widget-wrap elementor-element-populated\">\n\t\t\t\t\t\t<div class=\"elementor-element elementor-element-45b274e elementor-widget elementor-widget-spacer\" data-id=\"45b274e\" data-element_type=\"widget\" data-e-type=\"widget\" data-widget_type=\"spacer.default\">\n\t\t\t\t<div class=\"elementor-widget-container\">\n\t\t\t\t\t\t\t<div class=\"elementor-spacer\">\n\t\t\t<div class=\"elementor-spacer-inner\"><\/div>\n\t\t<\/div>\n\t\t\t\t\t\t<\/div>\n\t\t\t\t<\/div>\n\t\t\t\t<div class=\"elementor-element elementor-element-83a2464 elementor-widget elementor-widget-heading\" data-id=\"83a2464\" data-element_type=\"widget\" data-e-type=\"widget\" data-widget_type=\"heading.default\">\n\t\t\t\t<div class=\"elementor-widget-container\">\n\t\t\t\t\t<h2 class=\"elementor-heading-title elementor-size-default\"><b>Objectifs <\/b><\/h2>\t\t\t\t<\/div>\n\t\t\t\t<\/div>\n\t\t\t\t<div class=\"elementor-element elementor-element-77ff596 elementor-widget-divider--view-line elementor-widget elementor-widget-divider\" data-id=\"77ff596\" data-element_type=\"widget\" data-e-type=\"widget\" data-widget_type=\"divider.default\">\n\t\t\t\t<div class=\"elementor-widget-container\">\n\t\t\t\t\t\t\t<div class=\"elementor-divider\">\n\t\t\t<span class=\"elementor-divider-separator\">\n\t\t\t\t\t\t<\/span>\n\t\t<\/div>\n\t\t\t\t\t\t<\/div>\n\t\t\t\t<\/div>\n\t\t\t\t<div class=\"elementor-element elementor-element-72d63d0 elementor-widget elementor-widget-text-editor\" data-id=\"72d63d0\" data-element_type=\"widget\" data-e-type=\"widget\" data-widget_type=\"text-editor.default\">\n\t\t\t\t<div class=\"elementor-widget-container\">\n\t\t\t\t\t\t\t\t\t<p><strong>Les 3 objectifs principaux vis\u00e9s par Ganvi\u00e9+ sont : <\/strong><\/p>\n<ul>\n<li>Am\u00e9lioration de l\u2019acc\u00e8s aux soins de base pour les populations en particulier les femmes et les enfants ;<\/li>\n<li>Am\u00e9lioration de la qualit\u00e9 des soins et de la prise en charge m\u00e9dicale de la population ;<\/li>\n<li>Mise \u00e0 disposition, pour le personnel de sant\u00e9, d\u2019un cadre de travail ad\u00e9quat et r\u00e9pondant aux normes.<\/li>\n<\/ul>\n<p>Au total, 12 donateurs se sont associ\u00e9s \u00e0 la Fondation pour tenter d\u2019atteindre le budget pr\u00e9visionnel n\u00e9cessaire de 2.200.000.000 de Francs CFA.&nbsp;<\/p><p><span style=\"font-family: var( --e-global-typography-text-font-family ); font-size: 1rem;\">Au cours de l\u2019ann\u00e9e 2019, les \u00e9tudes architecturales et techniques ont \u00e9t\u00e9 valid\u00e9es en vue du d\u00e9marrage des constructions pr\u00e9vu en 2020.<\/span><br><\/p>\t\t\t\t\t\t\t\t<\/div>\n\t\t\t\t<\/div>\n\t\t\t\t<div class=\"elementor-element elementor-element-79efccf elementor-widget elementor-widget-image\" data-id=\"79efccf\" data-element_type=\"widget\" data-e-type=\"widget\" data-widget_type=\"image.default\">\n\t\t\t\t<div class=\"elementor-widget-container\">\n\t\t\t\t\t\t\t\t\t\t\t\t\t\t\t<img decoding=\"async\" width=\"1024\" height=\"576\" src=\"https:\/\/fondationclaudinetalon.org\/wp-content\/uploads\/2020\/06\/ganvi\u00e9-2-1024x576.png\" class=\"attachment-large size-large wp-image-1764\" alt=\"\" srcset=\"https:\/\/fondationclaudinetalon.org\/wp-content\/uploads\/2020\/06\/ganvi\u00e9-2-1024x576.png 1024w, https:\/\/fondationclaudinetalon.org\/wp-content\/uploads\/2020\/06\/ganvi\u00e9-2-300x169.png 300w, https:\/\/fondationclaudinetalon.org\/wp-content\/uploads\/2020\/06\/ganvi\u00e9-2-768x432.png 768w, https:\/\/fondationclaudinetalon.org\/wp-content\/uploads\/2020\/06\/ganvi\u00e9-2-1536x864.png 1536w, https:\/\/fondationclaudinetalon.org\/wp-content\/uploads\/2020\/06\/ganvi\u00e9-2.png 1920w\" sizes=\"(max-width: 1024px) 100vw, 1024px\" \/>\t\t\t\t\t\t\t\t\t\t\t\t\t\t\t<\/div>\n\t\t\t\t<\/div>\n\t\t\t\t<div class=\"elementor-element elementor-element-bd2ed37 elementor-widget elementor-widget-spacer\" data-id=\"bd2ed37\" data-element_type=\"widget\" data-e-type=\"widget\" data-widget_type=\"spacer.default\">\n\t\t\t\t<div class=\"elementor-widget-container\">\n\t\t\t\t\t\t\t<div class=\"elementor-spacer\">\n\t\t\t<div class=\"elementor-spacer-inner\"><\/div>\n\t\t<\/div>\n\t\t\t\t\t\t<\/div>\n\t\t\t\t<\/div>\n\t\t\t\t\t<\/div>\n\t\t<\/div>\n\t\t\t\t\t<\/div>\n\t\t<\/section>\n\t\t\t\t\t<\/div>\n\t\t<\/div>\n\t\t\t\t\t<\/div>\n\t\t<\/section>\n\t\t\t\t<\/div>\n\t\t","protected":false},"excerpt":{"rendered":"<p>SANT\u00c9 Ganvi\u00e9+ : Construction d&rsquo;une maison de sant\u00e9 \u00e0 Ganvi\u00e9 Contexte et justification En avril 2019, dans le cadre de sa cha\u00eene de solidarit\u00e9, la Fondation Claudine Talon a lanc\u00e9 un appel aux dons pour financer le projet Ganvi\u00e9+. Ganvi\u00e9+ comprend la construction, l\u2019am\u00e9nagement et l\u2019\u00e9quipement d\u2019un centre de sant\u00e9 de r\u00e9f\u00e9rence dans la cit\u00e9 [&hellip;]<\/p>\n","protected":false},"author":1,"featured_media":0,"parent":0,"menu_order":0,"comment_status":"closed","ping_status":"closed","template":"elementor_header_footer","meta":{"_monsterinsights_skip_tracking":false,"_monsterinsights_sitenote_active":false,"_monsterinsights_sitenote_note":"","_monsterinsights_sitenote_category":0,"footnotes":""},"class_list":["post-1350","page","type-page","status-publish","hentry"],"_links":{"self":[{"href":"https:\/\/fondationclaudinetalon.org\/index.php\/wp-json\/wp\/v2\/pages\/1350","targetHints":{"allow":["GET"]}}],"collection":[{"href":"https:\/\/fondationclaudinetalon.org\/index.php\/wp-json\/wp\/v2\/pages"}],"about":[{"href":"https:\/\/fondationclaudinetalon.org\/index.php\/wp-json\/wp\/v2\/types\/page"}],"author":[{"embeddable":true,"href":"https:\/\/fondationclaudinetalon.org\/index.php\/wp-json\/wp\/v2\/users\/1"}],"replies":[{"embeddable":true,"href":"https:\/\/fondationclaudinetalon.org\/index.php\/wp-json\/wp\/v2\/comments?post=1350"}],"version-history":[{"count":24,"href":"https:\/\/fondationclaudinetalon.org\/index.php\/wp-json\/wp\/v2\/pages\/1350\/revisions"}],"predecessor-version":[{"id":4080,"href":"https:\/\/fondationclaudinetalon.org\/index.php\/wp-json\/wp\/v2\/pages\/1350\/revisions\/4080"}],"wp:attachment":[{"href":"https:\/\/fondationclaudinetalon.org\/index.php\/wp-json\/wp\/v2\/media?parent=1350"}],"curies":[{"name":"wp","href":"https:\/\/api.w.org\/{rel}","templated":true}]}}